{"id":1338,"date":"2016-05-10T15:24:21","date_gmt":"2016-05-10T15:24:21","guid":{"rendered":"https:\/\/www.wexfordwildfowlreserve.ie\/naisc\/"},"modified":"2023-09-01T14:48:12","modified_gmt":"2023-09-01T14:48:12","slug":"naisc","status":"publish","type":"page","link":"https:\/\/www.wexfordwildfowlreserve.ie\/ga\/naisc\/","title":{"rendered":"Naisc"},"content":{"rendered":"<h2>P\u00e1irceanna N\u00e1isi\u00fanta<\/h2>\n<ul>\n<li><a href=\"http:\/\/www.killarneynationalpark.ie\/\" target=\"_blank\" rel=\"noopener noreferrer\">P\u00e1irc N\u00e1isi\u00fanta Chill Airne<\/a><\/li>\n<li><a href=\"http:\/\/www.glenveaghnationalpark.ie\/\" target=\"_blank\" rel=\"noopener noreferrer\">P\u00e1irc N\u00e1isi\u00fanta Ghleann Bheatha<\/a><\/li>\n<li><a href=\"http:\/\/www.connemaranationalpark.ie\/\" target=\"_blank\" rel=\"noopener noreferrer\">P\u00e1irc N\u00e1isi\u00fanta Chonamara<\/a><\/li>\n<li><a href=\"http:\/\/www.wicklowmountainsnationalpark.ie\/\" target=\"_blank\" rel=\"noopener noreferrer\">P\u00e1irc N\u00e1isi\u00fanta Shl\u00e9ibhte Chill Mhant\u00e1in<\/a><\/li>\n<li><a href=\"http:\/\/www.burrennationalpark.ie\/\" target=\"_blank\" rel=\"noopener noreferrer\">P\u00e1irc N\u00e1isi\u00fanta Bhoirne<\/a><\/li>\n<li><a href=\"http:\/\/www.wildnephinnationalpark.ie\/\" target=\"_blank\" rel=\"noopener noreferrer\">P\u00e1irc N\u00e1isi\u00fanta N\u00e9ifinne Fi\u00e1ine<\/a><\/li>\n<\/ul>\n<hr style=\"margin: 2em 0\">\n<h2>Anaclanna d\u00falra<\/h2>\n<ul>\n<li><a href=\"http:\/\/www.coolepark.ie\/\" target=\"_blank\" rel=\"noopener noreferrer\">Anaclann D\u00falra Ph\u00e1irc na C\u00faile, Co. na Gaillimhe<\/a><\/li>\n<li><a href=\"https:\/\/www.clarabognaturereserve.ie\/\" target=\"_blank\" rel=\"noopener noreferrer\">Anaclann D\u00falra Phortach Chl\u00f3irthigh, Co. U\u00edbh Fhail\u00ed<\/a><\/li>\n<\/ul>\n<hr style=\"margin: 2em 0\">\n<h2>Naisc NPWS eile<\/h2>\n<ul>\n<li><a href=\"http:\/\/www.burrenlife.com\/\" target=\"_blank\" rel=\"noopener noreferrer\">BurrenLIFE<\/a><\/li>\n<li><a href=\"http:\/\/www.heritageweek.ie\/\" target=\"_blank\" rel=\"noopener noreferrer\">Seachtain na hOidhreachta<\/a><\/li>\n<\/ul>\n<hr style=\"margin: 2em 0\">\n<h2>Naisc eile<\/h2>\n<ul>\n<li><a href=\"http:\/\/www.birdwatchireland.ie\/\" target=\"_blank\" rel=\"noopener noreferrer\">Cairde \u00c9anlaith \u00c9ireann<\/a><\/li>\n<li><a href=\"https:\/\/www.wexfordnaturalists.com\/\" target=\"_blank\" rel=\"noopener noreferrer\">Wexford Naturalists\u2019 Field Club<\/a><\/li>\n<li><a href=\"http:\/\/www.wildflowersofireland.net\/\" target=\"_blank\" rel=\"noopener noreferrer\">Bl\u00e1thanna Fi\u00e1ine na h\u00c9ireann<\/a><\/li>\n<li><a href=\"http:\/\/www.primaryscience.ie\/\" target=\"_blank\" rel=\"noopener noreferrer\">Discover Primary Science and Maths<\/a><\/li>\n<li><a href=\"http:\/\/www.worldmigratorybirdday.org\" target=\"_blank\" rel=\"noopener noreferrer\">L\u00e1 Domhanda na n\u00c9an Imirce<\/a><\/li>\n<li><a href=\"http:\/\/www.springalive.net\/\" target=\"_blank\" rel=\"noopener noreferrer\">Spring Alive<\/a><\/li>\n<li><a href=\"http:\/\/www.biodiversityireland.ie\/\" target=\"_blank\" rel=\"noopener noreferrer\">Ionad N\u00e1isi\u00fanta le Sonra\u00ed Bith\u00e9ags\u00falachta<\/a><\/li>\n<\/ul>\n<hr style=\"margin: 2em 0\">\n<p>Le haghaidh liosta n\u00edos ioml\u00e1ine de naisc fiadh\u00falra t\u00e9igh go dt\u00ed <a href=\"https:\/\/www.npws.ie\/useful-links\" target=\"_blank\" rel=\"noopener noreferrer\">www.npws.ie\/links<\/a><\/p>\n","protected":false},"excerpt":{"rendered":"<p>P\u00e1irceanna N\u00e1isi\u00fanta P\u00e1irc N\u00e1isi\u00fanta Chill Airne P\u00e1irc N\u00e1isi\u00fanta Ghleann Bheatha P\u00e1irc N\u00e1isi\u00fanta Chonamara P\u00e1irc N\u00e1isi\u00fanta Shl\u00e9ibhte Chill Mhant\u00e1in P\u00e1irc N\u00e1isi\u00fanta Bhoirne P\u00e1irc N\u00e1isi\u00fanta N\u00e9ifinne Fi\u00e1ine Anaclanna d\u00falra Anaclann D\u00falra Ph\u00e1irc na C\u00faile, Co. na Gaillimhe Anaclann D\u00falra Phortach Chl\u00f3irthigh, Co. U\u00edbh Fhail\u00ed Naisc NPWS eile BurrenLIFE Seachtain na hOidhreachta Naisc eile Cairde \u00c9anlaith \u00c9ireann Wexford&#8230; <\/p>\n","protected":false},"author":7,"featured_media":1144,"parent":0,"menu_order":1,"comment_status":"closed","ping_status":"closed","template":"no-sidebar.php","meta":{"cybocfi_hide_featured_image":"","footnotes":""},"class_list":["post-1338","page","type-page","status-publish","has-post-thumbnail","hentry"],"yoast_head":"<!-- This site is optimized with the Yoast SEO plugin v27.5 - https:\/\/yoast.com\/product\/yoast-seo-wordpress\/ -->\n<title>Naisc - Anaclann \u00e9anlaithe fi\u00e1ine Loch Garman<\/title>\n<meta name=\"robots\" content=\"index, follow, max-snippet:-1, max-image-preview:large, max-video-preview:-1\" \/>\n<link rel=\"canonical\" href=\"https:\/\/www.wexfordwildfowlreserve.ie\/ga\/naisc\/\" \/>\n<meta property=\"og:locale\" content=\"ga_IE\" \/>\n<meta property=\"og:type\" content=\"article\" \/>\n<meta property=\"og:title\" content=\"Naisc - Anaclann \u00e9anlaithe fi\u00e1ine Loch Garman\" \/>\n<meta property=\"og:description\" content=\"P\u00e1irceanna N\u00e1isi\u00fanta P\u00e1irc N\u00e1isi\u00fanta Chill Airne P\u00e1irc N\u00e1isi\u00fanta Ghleann Bheatha P\u00e1irc N\u00e1isi\u00fanta Chonamara P\u00e1irc N\u00e1isi\u00fanta Shl\u00e9ibhte Chill Mhant\u00e1in P\u00e1irc N\u00e1isi\u00fanta Bhoirne P\u00e1irc N\u00e1isi\u00fanta N\u00e9ifinne Fi\u00e1ine Anaclanna d\u00falra Anaclann D\u00falra Ph\u00e1irc na C\u00faile, Co. na Gaillimhe Anaclann D\u00falra Phortach Chl\u00f3irthigh, Co. U\u00edbh Fhail\u00ed Naisc NPWS eile BurrenLIFE Seachtain na hOidhreachta Naisc eile Cairde \u00c9anlaith \u00c9ireann Wexford...\" \/>\n<meta property=\"og:url\" content=\"https:\/\/www.wexfordwildfowlreserve.ie\/ga\/naisc\/\" \/>\n<meta property=\"og:site_name\" content=\"Anaclann \u00e9anlaithe fi\u00e1ine Loch Garman\" \/>\n<meta property=\"article:modified_time\" content=\"2023-09-01T14:48:12+00:00\" \/>\n<meta property=\"og:image\" content=\"https:\/\/www.wexfordwildfowlreserve.ie\/wp-content\/uploads\/2017\/11\/links-header-pic.jpg\" \/>\n\t<meta property=\"og:image:width\" content=\"1152\" \/>\n\t<meta property=\"og:image:height\" content=\"267\" \/>\n\t<meta property=\"og:image:type\" content=\"image\/jpeg\" \/>\n<meta name=\"twitter:card\" content=\"summary_large_image\" \/>\n<meta name=\"twitter:label1\" content=\"Est. reading time\" \/>\n\t<meta name=\"twitter:data1\" content=\"1 minute\" \/>\n<script type=\"application\/ld+json\" class=\"yoast-schema-graph\">{\"@context\":\"https:\\\/\\\/schema.org\",\"@graph\":[{\"@type\":\"WebPage\",\"@id\":\"https:\\\/\\\/www.wexfordwildfowlreserve.ie\\\/ga\\\/naisc\\\/\",\"url\":\"https:\\\/\\\/www.wexfordwildfowlreserve.ie\\\/ga\\\/naisc\\\/\",\"name\":\"Naisc - Anaclann \u00e9anlaithe fi\u00e1ine Loch Garman\",\"isPartOf\":{\"@id\":\"https:\\\/\\\/www.wexfordwildfowlreserve.ie\\\/ga\\\/#website\"},\"primaryImageOfPage\":{\"@id\":\"https:\\\/\\\/www.wexfordwildfowlreserve.ie\\\/ga\\\/naisc\\\/#primaryimage\"},\"image\":{\"@id\":\"https:\\\/\\\/www.wexfordwildfowlreserve.ie\\\/ga\\\/naisc\\\/#primaryimage\"},\"thumbnailUrl\":\"https:\\\/\\\/www.wexfordwildfowlreserve.ie\\\/wp-content\\\/uploads\\\/2017\\\/11\\\/links-header-pic.jpg\",\"datePublished\":\"2016-05-10T15:24:21+00:00\",\"dateModified\":\"2023-09-01T14:48:12+00:00\",\"breadcrumb\":{\"@id\":\"https:\\\/\\\/www.wexfordwildfowlreserve.ie\\\/ga\\\/naisc\\\/#breadcrumb\"},\"inLanguage\":\"ga-IE\",\"potentialAction\":[{\"@type\":\"ReadAction\",\"target\":[\"https:\\\/\\\/www.wexfordwildfowlreserve.ie\\\/ga\\\/naisc\\\/\"]}]},{\"@type\":\"ImageObject\",\"inLanguage\":\"ga-IE\",\"@id\":\"https:\\\/\\\/www.wexfordwildfowlreserve.ie\\\/ga\\\/naisc\\\/#primaryimage\",\"url\":\"https:\\\/\\\/www.wexfordwildfowlreserve.ie\\\/wp-content\\\/uploads\\\/2017\\\/11\\\/links-header-pic.jpg\",\"contentUrl\":\"https:\\\/\\\/www.wexfordwildfowlreserve.ie\\\/wp-content\\\/uploads\\\/2017\\\/11\\\/links-header-pic.jpg\",\"width\":1152,\"height\":267},{\"@type\":\"BreadcrumbList\",\"@id\":\"https:\\\/\\\/www.wexfordwildfowlreserve.ie\\\/ga\\\/naisc\\\/#breadcrumb\",\"itemListElement\":[{\"@type\":\"ListItem\",\"position\":1,\"name\":\"Home\",\"item\":\"https:\\\/\\\/www.wexfordwildfowlreserve.ie\\\/ga\\\/\"},{\"@type\":\"ListItem\",\"position\":2,\"name\":\"Naisc\"}]},{\"@type\":\"WebSite\",\"@id\":\"https:\\\/\\\/www.wexfordwildfowlreserve.ie\\\/ga\\\/#website\",\"url\":\"https:\\\/\\\/www.wexfordwildfowlreserve.ie\\\/ga\\\/\",\"name\":\"Wexford Wildfowl Reserve\",\"description\":\"\",\"publisher\":{\"@id\":\"https:\\\/\\\/www.wexfordwildfowlreserve.ie\\\/ga\\\/#organization\"},\"potentialAction\":[{\"@type\":\"SearchAction\",\"target\":{\"@type\":\"EntryPoint\",\"urlTemplate\":\"https:\\\/\\\/www.wexfordwildfowlreserve.ie\\\/ga\\\/?s={search_term_string}\"},\"query-input\":{\"@type\":\"PropertyValueSpecification\",\"valueRequired\":true,\"valueName\":\"search_term_string\"}}],\"inLanguage\":\"ga-IE\"},{\"@type\":\"Organization\",\"@id\":\"https:\\\/\\\/www.wexfordwildfowlreserve.ie\\\/ga\\\/#organization\",\"name\":\"Wexford Wildfowl Reserve\",\"url\":\"https:\\\/\\\/www.wexfordwildfowlreserve.ie\\\/ga\\\/\",\"logo\":{\"@type\":\"ImageObject\",\"inLanguage\":\"ga-IE\",\"@id\":\"https:\\\/\\\/www.wexfordwildfowlreserve.ie\\\/ga\\\/#\\\/schema\\\/logo\\\/image\\\/\",\"url\":\"https:\\\/\\\/www.wexfordwildfowlreserve.ie\\\/wp-content\\\/uploads\\\/2018\\\/10\\\/WWP-sized.png\",\"contentUrl\":\"https:\\\/\\\/www.wexfordwildfowlreserve.ie\\\/wp-content\\\/uploads\\\/2018\\\/10\\\/WWP-sized.png\",\"width\":404,\"height\":100,\"caption\":\"Wexford Wildfowl Reserve\"},\"image\":{\"@id\":\"https:\\\/\\\/www.wexfordwildfowlreserve.ie\\\/ga\\\/#\\\/schema\\\/logo\\\/image\\\/\"}}]}<\/script>\n<!-- \/ Yoast SEO plugin. -->","yoast_head_json":{"title":"Naisc - Anaclann \u00e9anlaithe fi\u00e1ine Loch Garman","robots":{"index":"index","follow":"follow","max-snippet":"max-snippet:-1","max-image-preview":"max-image-preview:large","max-video-preview":"max-video-preview:-1"},"canonical":"https:\/\/www.wexfordwildfowlreserve.ie\/ga\/naisc\/","og_locale":"ga_IE","og_type":"article","og_title":"Naisc - Anaclann \u00e9anlaithe fi\u00e1ine Loch Garman","og_description":"P\u00e1irceanna N\u00e1isi\u00fanta P\u00e1irc N\u00e1isi\u00fanta Chill Airne P\u00e1irc N\u00e1isi\u00fanta Ghleann Bheatha P\u00e1irc N\u00e1isi\u00fanta Chonamara P\u00e1irc N\u00e1isi\u00fanta Shl\u00e9ibhte Chill Mhant\u00e1in P\u00e1irc N\u00e1isi\u00fanta Bhoirne P\u00e1irc N\u00e1isi\u00fanta N\u00e9ifinne Fi\u00e1ine Anaclanna d\u00falra Anaclann D\u00falra Ph\u00e1irc na C\u00faile, Co. na Gaillimhe Anaclann D\u00falra Phortach Chl\u00f3irthigh, Co. U\u00edbh Fhail\u00ed Naisc NPWS eile BurrenLIFE Seachtain na hOidhreachta Naisc eile Cairde \u00c9anlaith \u00c9ireann Wexford...","og_url":"https:\/\/www.wexfordwildfowlreserve.ie\/ga\/naisc\/","og_site_name":"Anaclann \u00e9anlaithe fi\u00e1ine Loch Garman","article_modified_time":"2023-09-01T14:48:12+00:00","og_image":[{"width":1152,"height":267,"url":"https:\/\/www.wexfordwildfowlreserve.ie\/wp-content\/uploads\/2017\/11\/links-header-pic.jpg","type":"image\/jpeg"}],"twitter_card":"summary_large_image","twitter_misc":{"Est. reading time":"1 minute"},"schema":{"@context":"https:\/\/schema.org","@graph":[{"@type":"WebPage","@id":"https:\/\/www.wexfordwildfowlreserve.ie\/ga\/naisc\/","url":"https:\/\/www.wexfordwildfowlreserve.ie\/ga\/naisc\/","name":"Naisc - Anaclann \u00e9anlaithe fi\u00e1ine Loch Garman","isPartOf":{"@id":"https:\/\/www.wexfordwildfowlreserve.ie\/ga\/#website"},"primaryImageOfPage":{"@id":"https:\/\/www.wexfordwildfowlreserve.ie\/ga\/naisc\/#primaryimage"},"image":{"@id":"https:\/\/www.wexfordwildfowlreserve.ie\/ga\/naisc\/#primaryimage"},"thumbnailUrl":"https:\/\/www.wexfordwildfowlreserve.ie\/wp-content\/uploads\/2017\/11\/links-header-pic.jpg","datePublished":"2016-05-10T15:24:21+00:00","dateModified":"2023-09-01T14:48:12+00:00","breadcrumb":{"@id":"https:\/\/www.wexfordwildfowlreserve.ie\/ga\/naisc\/#breadcrumb"},"inLanguage":"ga-IE","potentialAction":[{"@type":"ReadAction","target":["https:\/\/www.wexfordwildfowlreserve.ie\/ga\/naisc\/"]}]},{"@type":"ImageObject","inLanguage":"ga-IE","@id":"https:\/\/www.wexfordwildfowlreserve.ie\/ga\/naisc\/#primaryimage","url":"https:\/\/www.wexfordwildfowlreserve.ie\/wp-content\/uploads\/2017\/11\/links-header-pic.jpg","contentUrl":"https:\/\/www.wexfordwildfowlreserve.ie\/wp-content\/uploads\/2017\/11\/links-header-pic.jpg","width":1152,"height":267},{"@type":"BreadcrumbList","@id":"https:\/\/www.wexfordwildfowlreserve.ie\/ga\/naisc\/#breadcrumb","itemListElement":[{"@type":"ListItem","position":1,"name":"Home","item":"https:\/\/www.wexfordwildfowlreserve.ie\/ga\/"},{"@type":"ListItem","position":2,"name":"Naisc"}]},{"@type":"WebSite","@id":"https:\/\/www.wexfordwildfowlreserve.ie\/ga\/#website","url":"https:\/\/www.wexfordwildfowlreserve.ie\/ga\/","name":"Wexford Wildfowl Reserve","description":"","publisher":{"@id":"https:\/\/www.wexfordwildfowlreserve.ie\/ga\/#organization"},"potentialAction":[{"@type":"SearchAction","target":{"@type":"EntryPoint","urlTemplate":"https:\/\/www.wexfordwildfowlreserve.ie\/ga\/?s={search_term_string}"},"query-input":{"@type":"PropertyValueSpecification","valueRequired":true,"valueName":"search_term_string"}}],"inLanguage":"ga-IE"},{"@type":"Organization","@id":"https:\/\/www.wexfordwildfowlreserve.ie\/ga\/#organization","name":"Wexford Wildfowl Reserve","url":"https:\/\/www.wexfordwildfowlreserve.ie\/ga\/","logo":{"@type":"ImageObject","inLanguage":"ga-IE","@id":"https:\/\/www.wexfordwildfowlreserve.ie\/ga\/#\/schema\/logo\/image\/","url":"https:\/\/www.wexfordwildfowlreserve.ie\/wp-content\/uploads\/2018\/10\/WWP-sized.png","contentUrl":"https:\/\/www.wexfordwildfowlreserve.ie\/wp-content\/uploads\/2018\/10\/WWP-sized.png","width":404,"height":100,"caption":"Wexford Wildfowl Reserve"},"image":{"@id":"https:\/\/www.wexfordwildfowlreserve.ie\/ga\/#\/schema\/logo\/image\/"}}]}},"jetpack_sharing_enabled":true,"_links":{"self":[{"href":"https:\/\/www.wexfordwildfowlreserve.ie\/ga\/wp-json\/wp\/v2\/pages\/1338","targetHints":{"allow":["GET"]}}],"collection":[{"href":"https:\/\/www.wexfordwildfowlreserve.ie\/ga\/wp-json\/wp\/v2\/pages"}],"about":[{"href":"https:\/\/www.wexfordwildfowlreserve.ie\/ga\/wp-json\/wp\/v2\/types\/page"}],"author":[{"embeddable":true,"href":"https:\/\/www.wexfordwildfowlreserve.ie\/ga\/wp-json\/wp\/v2\/users\/7"}],"replies":[{"embeddable":true,"href":"https:\/\/www.wexfordwildfowlreserve.ie\/ga\/wp-json\/wp\/v2\/comments?post=1338"}],"version-history":[{"count":2,"href":"https:\/\/www.wexfordwildfowlreserve.ie\/ga\/wp-json\/wp\/v2\/pages\/1338\/revisions"}],"predecessor-version":[{"id":1515,"href":"https:\/\/www.wexfordwildfowlreserve.ie\/ga\/wp-json\/wp\/v2\/pages\/1338\/revisions\/1515"}],"wp:featuredmedia":[{"embeddable":true,"href":"https:\/\/www.wexfordwildfowlreserve.ie\/ga\/wp-json\/wp\/v2\/media\/1144"}],"wp:attachment":[{"href":"https:\/\/www.wexfordwildfowlreserve.ie\/ga\/wp-json\/wp\/v2\/media?parent=1338"}],"curies":[{"name":"wp","href":"https:\/\/api.w.org\/{rel}","templated":true}]}}