{"id":1336,"date":"2016-04-20T15:27:52","date_gmt":"2016-04-20T15:27:52","guid":{"rendered":"https:\/\/www.wexfordwildfowlreserve.ie\/geolaiocht\/"},"modified":"2016-04-20T15:27:52","modified_gmt":"2016-04-20T15:27:52","slug":"geolaiocht","status":"publish","type":"page","link":"https:\/\/www.wexfordwildfowlreserve.ie\/ga\/geolaiocht\/","title":{"rendered":"Geola\u00edocht"},"content":{"rendered":"<p style=\"text-align: left;\">T\u00e1 dh\u00e1 fhoirmi\u00fa aolchloiche Charb\u00f3nmhar (a ainmn\u00edodh i ndiaidh Loch Garman agus Baile Stiabhna) mar bhonn leis an Slab Thuaidh a leagadh s\u00edos breis agus 330 milli\u00fan bliain \u00f3 shin. N\u00edl aon lom\u00e1in charraige le feice\u00e1il ar an Slab mar go bhfuil an limist\u00e9ar cl\u00fadaithe go tiubh le l\u00e1ib mara agus gaineamh. Is f\u00e9idir Foirmi\u00fa Loch Garman a fheice\u00e1il i gcair\u00e9il ar thalamh pr\u00edobh\u00e1ideach in aice le Baile Loch Garman agus n\u00edos faide siar \u00f3 dheas, crutha\u00edonn foirmi\u00fa Bhaile Stiabhna gob theas Rinn Du\u00e1in agus t\u00e1 a chuid iontais\u00ed coir\u00e9il, cleiteach mhara agus milse\u00e1in mhara nochta go h\u00e1lainn \u00e1it a mb\u00edonn tonnta na farraige ag<br \/>\nteacht isteach.<\/p>\n<p style=\"text-align: left;\">D\u00e9antar dolaim\u00edteas ar an d\u00e1 aolchloch, rud a chialla\u00edonn gur th\u00e1inig adaimh mhaign\u00e9isiam in ionad cuid de na hadaimh chailciam, ag iomp\u00fa na carb\u00f3n\u00e1ite cailciam go carb\u00f3n\u00e1it Mhaign\u00e9isiam. Tharla s\u00e9 seo na milli\u00fain bliain \u00f3 shin agus ba \u00e9 an toradh a bh\u00ed air n\u00e1 crapadh agus scoilteadh na carraige a d&#8217;fh\u00e1g go raibh s\u00e9 thart ar 1% scagach don uisce. Mar thoradh air sin is uisc\u00edoch at\u00e1 t\u00e1bhachtach go r\u00e9igi\u00fanach anois \u00e9 \u00f3na nd\u00e9antar screamhuisce a phump\u00e1il suas ag Baile Farda\u00ed agus a thugtar tr\u00ed ph\u00edob\u00e1n ag an gcuid is m\u00f3 de dhaonra dheisceart Chontae Loch Garman agus baile Loch Garman.<\/p>\n<p style=\"text-align: left;\">\u00d3 1881 go 1924 bh\u00ed na cair\u00e9il aolchloiche an-t\u00e1bhachtach do Loch Garman, mar go raibh siad mar bhun\u00fas do thionscal a th\u00f3g aolchloch as cair\u00e9il ag Draighneach agus a bh\u00e1c\u00e1il \u00e9 le l\u00e1ib a dreide\u00e1ladh \u00f3n gCuan chun stroighin Portland Stroighne a dh\u00e9anamh a bhfuil duaiseanna buaite aige. T\u00e1 stoc siml\u00e9ir ard ag Draighneach, suite i measc crann ar thalamh pr\u00edobh\u00e1ideach, le feice\u00e1il \u00f3n N25 in aice le timpeall\u00e1n bh\u00f3thair Ros L\u00e1ir.<\/p>\n<p style=\"text-align: left;\">T\u00e1 na hithreacha ar an Slab Thuaidh d\u00e9anta as siolta agus as gaineamh a bh\u00ed cl\u00fadaithe ag an bhfarraige ag taoid\u00ed arda go dt\u00ed gur t\u00f3gadh an balla farraige \u00f3 1847 go 1849 agus suite\u00e1ladh caid\u00e9il chun iad a choinne\u00e1il tirim. Ar an taobh thoir t\u00e1 an talamh saorga cosanta ag dumhcha gainimh Rinn R\u00e1mhann. T\u00e1 an gob caol tal\u00fan seo comhdh\u00e9anta de dhumhcha gainimh a t\u00f3gadh \u00f3n seacht\u00fa haois d\u00e9ag ar aghaidh de r\u00e9ir mar a sh\u00e9id an ghaoth gaineamh na farraige isteach i bpaist\u00ed muir\u00edneacha a d\u2019fh\u00e1s an\u00edos tr\u00edd an ngaineamh carnach agus a ghreamaigh isteach i gcnoic n\u00f3 i ndumhcha \u00e9.<\/p>\n<p style=\"text-align: left;\">\u00d3 thuaidh den Slab Thuaidh t\u00e1 na Screen Hills, ar t\u00edrdhreach clasaiceach kame-and-kettle iad. Is cnoic gainimh agus gairbh\u00e9il iad Kames a f\u00e1gadh ann agus a n\u00edodh ag uisce reatha i bpr\u00f3isis chasta a bhain le le\u00e1 Oighearshruth Mhuir \u00c9ireann breis is 13 m\u00edle bliain \u00f3 shin. Is cuas\u00e1in mh\u00f3ra iad poill kettle a f\u00e1gadh de r\u00e9ir mar a le\u00e1igh bloic oighir sa talamh ag an am c\u00e9anna. T\u00e1 os cionn c\u00e9ad loch\u00e1n agus loch \u201cpoll kettle\u201d sna Screen Hills a crutha\u00edodh ar an mbealach seo.<\/p>\n<p style=\"text-align: left;\">Crutha\u00edonn fo-ithir throm chr\u00e9, cuid de foirmi\u00fa na Macamore, aillte \u00edsle idir Droichead Loch Garman agus Anaclann \u00c9anlaithe Fi\u00e1ine Loch Garman. Crutha\u00edtear na haillte soir \u00f3 Chuan Ros L\u00e1ir chomh fada le Rinn an Ghrianfoirt as an gcalcaid ch\u00e9anna. T\u00e1 an chr\u00e9 seo mar bhun\u00fas leis na hithreacha \u201cl\u00e1idre\u201d at\u00e1 an-trom i gceantar na Macamores, in oirthuaisceart Cho. Loch Garman. Br\u00fadh an t-\u00e1bhar seo an\u00edos \u00f3 ghrinneall Mhuir \u00c9ireann go dt\u00ed na h\u00e1iteanna ina bhfuil s\u00e9 faoi l\u00e1thair ag an gcl\u00fadach oighir c\u00e9anna de chuid Mhuir \u00c9ireann.<\/p>\n<p style=\"text-align: left;\">T\u00e1 an Balla Mara cl\u00fadaithe le carraig Grianchloich\u00edt agus Gr\u00e9abhaca \u00f3n tr\u00e9imhse Caimbriach a cair\u00e9ala\u00edodh suas an abhainn timpeall 1847. Rinneadh na bloic a ghr\u00fat\u00e1il le moirt\u00e9al aoil-bhunaithe ar dt\u00fas, \u00fas\u00e1idtear moirt\u00e9al stroighne sa l\u00e1 at\u00e1 inniu ann. T\u00f3gadh cro\u00ed an bhalla de chr\u00e9 Macamores, a t\u00f3gadh go pr\u00edomha \u00f3 chair\u00e9al at\u00e1 f\u00f3s le feice\u00e1il mar dh\u00falagar f\u00e1sra in aice le taobh thoir an strucht\u00fair.<\/p>\n","protected":false},"excerpt":{"rendered":"<p>T\u00e1 dh\u00e1 fhoirmi\u00fa aolchloiche Charb\u00f3nmhar (a ainmn\u00edodh i ndiaidh Loch Garman agus Baile Stiabhna) mar bhonn leis an Slab Thuaidh a leagadh s\u00edos breis agus 330 milli\u00fan bliain \u00f3 shin. N\u00edl aon lom\u00e1in charraige le feice\u00e1il ar an Slab mar go bhfuil an limist\u00e9ar cl\u00fadaithe go tiubh le l\u00e1ib mara agus gaineamh. Is f\u00e9idir Foirmi\u00fa&#8230; <\/p>\n","protected":false},"author":7,"featured_media":1155,"parent":0,"menu_order":9,"comment_status":"closed","ping_status":"closed","template":"no-sidebar.php","meta":{"cybocfi_hide_featured_image":"","footnotes":""},"class_list":["post-1336","page","type-page","status-publish","has-post-thumbnail","hentry"],"yoast_head":"<!-- This site is optimized with the Yoast SEO plugin v27.3 - https:\/\/yoast.com\/product\/yoast-seo-wordpress\/ -->\n<title>Geola\u00edocht - Anaclann \u00e9anlaithe fi\u00e1ine Loch Garman<\/title>\n<meta name=\"robots\" content=\"index, follow, max-snippet:-1, max-image-preview:large, max-video-preview:-1\" \/>\n<link rel=\"canonical\" href=\"https:\/\/www.wexfordwildfowlreserve.ie\/ga\/geolaiocht\/\" \/>\n<meta property=\"og:locale\" content=\"ga_IE\" \/>\n<meta property=\"og:type\" content=\"article\" \/>\n<meta property=\"og:title\" content=\"Geola\u00edocht - Anaclann \u00e9anlaithe fi\u00e1ine Loch Garman\" \/>\n<meta property=\"og:description\" content=\"T\u00e1 dh\u00e1 fhoirmi\u00fa aolchloiche Charb\u00f3nmhar (a ainmn\u00edodh i ndiaidh Loch Garman agus Baile Stiabhna) mar bhonn leis an Slab Thuaidh a leagadh s\u00edos breis agus 330 milli\u00fan bliain \u00f3 shin. N\u00edl aon lom\u00e1in charraige le feice\u00e1il ar an Slab mar go bhfuil an limist\u00e9ar cl\u00fadaithe go tiubh le l\u00e1ib mara agus gaineamh. Is f\u00e9idir Foirmi\u00fa...\" \/>\n<meta property=\"og:url\" content=\"https:\/\/www.wexfordwildfowlreserve.ie\/ga\/geolaiocht\/\" \/>\n<meta property=\"og:site_name\" content=\"Anaclann \u00e9anlaithe fi\u00e1ine Loch Garman\" \/>\n<meta property=\"og:image\" content=\"https:\/\/www.wexfordwildfowlreserve.ie\/wp-content\/uploads\/2017\/11\/geology-header.jpg\" \/>\n\t<meta property=\"og:image:width\" content=\"1157\" \/>\n\t<meta property=\"og:image:height\" content=\"247\" \/>\n\t<meta property=\"og:image:type\" content=\"image\/jpeg\" \/>\n<meta name=\"twitter:card\" content=\"summary_large_image\" \/>\n<meta name=\"twitter:label1\" content=\"Est. reading time\" \/>\n\t<meta name=\"twitter:data1\" content=\"4 minutes\" \/>\n<script type=\"application\/ld+json\" class=\"yoast-schema-graph\">{\"@context\":\"https:\\\/\\\/schema.org\",\"@graph\":[{\"@type\":\"WebPage\",\"@id\":\"https:\\\/\\\/www.wexfordwildfowlreserve.ie\\\/ga\\\/geolaiocht\\\/\",\"url\":\"https:\\\/\\\/www.wexfordwildfowlreserve.ie\\\/ga\\\/geolaiocht\\\/\",\"name\":\"Geola\u00edocht - Anaclann \u00e9anlaithe fi\u00e1ine Loch Garman\",\"isPartOf\":{\"@id\":\"https:\\\/\\\/www.wexfordwildfowlreserve.ie\\\/ga\\\/#website\"},\"primaryImageOfPage\":{\"@id\":\"https:\\\/\\\/www.wexfordwildfowlreserve.ie\\\/ga\\\/geolaiocht\\\/#primaryimage\"},\"image\":{\"@id\":\"https:\\\/\\\/www.wexfordwildfowlreserve.ie\\\/ga\\\/geolaiocht\\\/#primaryimage\"},\"thumbnailUrl\":\"https:\\\/\\\/www.wexfordwildfowlreserve.ie\\\/wp-content\\\/uploads\\\/2017\\\/11\\\/geology-header.jpg\",\"datePublished\":\"2016-04-20T15:27:52+00:00\",\"breadcrumb\":{\"@id\":\"https:\\\/\\\/www.wexfordwildfowlreserve.ie\\\/ga\\\/geolaiocht\\\/#breadcrumb\"},\"inLanguage\":\"ga-IE\",\"potentialAction\":[{\"@type\":\"ReadAction\",\"target\":[\"https:\\\/\\\/www.wexfordwildfowlreserve.ie\\\/ga\\\/geolaiocht\\\/\"]}]},{\"@type\":\"ImageObject\",\"inLanguage\":\"ga-IE\",\"@id\":\"https:\\\/\\\/www.wexfordwildfowlreserve.ie\\\/ga\\\/geolaiocht\\\/#primaryimage\",\"url\":\"https:\\\/\\\/www.wexfordwildfowlreserve.ie\\\/wp-content\\\/uploads\\\/2017\\\/11\\\/geology-header.jpg\",\"contentUrl\":\"https:\\\/\\\/www.wexfordwildfowlreserve.ie\\\/wp-content\\\/uploads\\\/2017\\\/11\\\/geology-header.jpg\",\"width\":1157,\"height\":247},{\"@type\":\"BreadcrumbList\",\"@id\":\"https:\\\/\\\/www.wexfordwildfowlreserve.ie\\\/ga\\\/geolaiocht\\\/#breadcrumb\",\"itemListElement\":[{\"@type\":\"ListItem\",\"position\":1,\"name\":\"Home\",\"item\":\"https:\\\/\\\/www.wexfordwildfowlreserve.ie\\\/ga\\\/\"},{\"@type\":\"ListItem\",\"position\":2,\"name\":\"Geola\u00edocht\"}]},{\"@type\":\"WebSite\",\"@id\":\"https:\\\/\\\/www.wexfordwildfowlreserve.ie\\\/ga\\\/#website\",\"url\":\"https:\\\/\\\/www.wexfordwildfowlreserve.ie\\\/ga\\\/\",\"name\":\"Wexford Wildfowl Reserve\",\"description\":\"\",\"publisher\":{\"@id\":\"https:\\\/\\\/www.wexfordwildfowlreserve.ie\\\/ga\\\/#organization\"},\"potentialAction\":[{\"@type\":\"SearchAction\",\"target\":{\"@type\":\"EntryPoint\",\"urlTemplate\":\"https:\\\/\\\/www.wexfordwildfowlreserve.ie\\\/ga\\\/?s={search_term_string}\"},\"query-input\":{\"@type\":\"PropertyValueSpecification\",\"valueRequired\":true,\"valueName\":\"search_term_string\"}}],\"inLanguage\":\"ga-IE\"},{\"@type\":\"Organization\",\"@id\":\"https:\\\/\\\/www.wexfordwildfowlreserve.ie\\\/ga\\\/#organization\",\"name\":\"Wexford Wildfowl Reserve\",\"url\":\"https:\\\/\\\/www.wexfordwildfowlreserve.ie\\\/ga\\\/\",\"logo\":{\"@type\":\"ImageObject\",\"inLanguage\":\"ga-IE\",\"@id\":\"https:\\\/\\\/www.wexfordwildfowlreserve.ie\\\/ga\\\/#\\\/schema\\\/logo\\\/image\\\/\",\"url\":\"https:\\\/\\\/www.wexfordwildfowlreserve.ie\\\/wp-content\\\/uploads\\\/2018\\\/10\\\/WWP-sized.png\",\"contentUrl\":\"https:\\\/\\\/www.wexfordwildfowlreserve.ie\\\/wp-content\\\/uploads\\\/2018\\\/10\\\/WWP-sized.png\",\"width\":404,\"height\":100,\"caption\":\"Wexford Wildfowl Reserve\"},\"image\":{\"@id\":\"https:\\\/\\\/www.wexfordwildfowlreserve.ie\\\/ga\\\/#\\\/schema\\\/logo\\\/image\\\/\"}}]}<\/script>\n<!-- \/ Yoast SEO plugin. -->","yoast_head_json":{"title":"Geola\u00edocht - Anaclann \u00e9anlaithe fi\u00e1ine Loch Garman","robots":{"index":"index","follow":"follow","max-snippet":"max-snippet:-1","max-image-preview":"max-image-preview:large","max-video-preview":"max-video-preview:-1"},"canonical":"https:\/\/www.wexfordwildfowlreserve.ie\/ga\/geolaiocht\/","og_locale":"ga_IE","og_type":"article","og_title":"Geola\u00edocht - Anaclann \u00e9anlaithe fi\u00e1ine Loch Garman","og_description":"T\u00e1 dh\u00e1 fhoirmi\u00fa aolchloiche Charb\u00f3nmhar (a ainmn\u00edodh i ndiaidh Loch Garman agus Baile Stiabhna) mar bhonn leis an Slab Thuaidh a leagadh s\u00edos breis agus 330 milli\u00fan bliain \u00f3 shin. N\u00edl aon lom\u00e1in charraige le feice\u00e1il ar an Slab mar go bhfuil an limist\u00e9ar cl\u00fadaithe go tiubh le l\u00e1ib mara agus gaineamh. Is f\u00e9idir Foirmi\u00fa...","og_url":"https:\/\/www.wexfordwildfowlreserve.ie\/ga\/geolaiocht\/","og_site_name":"Anaclann \u00e9anlaithe fi\u00e1ine Loch Garman","og_image":[{"width":1157,"height":247,"url":"https:\/\/www.wexfordwildfowlreserve.ie\/wp-content\/uploads\/2017\/11\/geology-header.jpg","type":"image\/jpeg"}],"twitter_card":"summary_large_image","twitter_misc":{"Est. reading time":"4 minutes"},"schema":{"@context":"https:\/\/schema.org","@graph":[{"@type":"WebPage","@id":"https:\/\/www.wexfordwildfowlreserve.ie\/ga\/geolaiocht\/","url":"https:\/\/www.wexfordwildfowlreserve.ie\/ga\/geolaiocht\/","name":"Geola\u00edocht - Anaclann \u00e9anlaithe fi\u00e1ine Loch Garman","isPartOf":{"@id":"https:\/\/www.wexfordwildfowlreserve.ie\/ga\/#website"},"primaryImageOfPage":{"@id":"https:\/\/www.wexfordwildfowlreserve.ie\/ga\/geolaiocht\/#primaryimage"},"image":{"@id":"https:\/\/www.wexfordwildfowlreserve.ie\/ga\/geolaiocht\/#primaryimage"},"thumbnailUrl":"https:\/\/www.wexfordwildfowlreserve.ie\/wp-content\/uploads\/2017\/11\/geology-header.jpg","datePublished":"2016-04-20T15:27:52+00:00","breadcrumb":{"@id":"https:\/\/www.wexfordwildfowlreserve.ie\/ga\/geolaiocht\/#breadcrumb"},"inLanguage":"ga-IE","potentialAction":[{"@type":"ReadAction","target":["https:\/\/www.wexfordwildfowlreserve.ie\/ga\/geolaiocht\/"]}]},{"@type":"ImageObject","inLanguage":"ga-IE","@id":"https:\/\/www.wexfordwildfowlreserve.ie\/ga\/geolaiocht\/#primaryimage","url":"https:\/\/www.wexfordwildfowlreserve.ie\/wp-content\/uploads\/2017\/11\/geology-header.jpg","contentUrl":"https:\/\/www.wexfordwildfowlreserve.ie\/wp-content\/uploads\/2017\/11\/geology-header.jpg","width":1157,"height":247},{"@type":"BreadcrumbList","@id":"https:\/\/www.wexfordwildfowlreserve.ie\/ga\/geolaiocht\/#breadcrumb","itemListElement":[{"@type":"ListItem","position":1,"name":"Home","item":"https:\/\/www.wexfordwildfowlreserve.ie\/ga\/"},{"@type":"ListItem","position":2,"name":"Geola\u00edocht"}]},{"@type":"WebSite","@id":"https:\/\/www.wexfordwildfowlreserve.ie\/ga\/#website","url":"https:\/\/www.wexfordwildfowlreserve.ie\/ga\/","name":"Wexford Wildfowl Reserve","description":"","publisher":{"@id":"https:\/\/www.wexfordwildfowlreserve.ie\/ga\/#organization"},"potentialAction":[{"@type":"SearchAction","target":{"@type":"EntryPoint","urlTemplate":"https:\/\/www.wexfordwildfowlreserve.ie\/ga\/?s={search_term_string}"},"query-input":{"@type":"PropertyValueSpecification","valueRequired":true,"valueName":"search_term_string"}}],"inLanguage":"ga-IE"},{"@type":"Organization","@id":"https:\/\/www.wexfordwildfowlreserve.ie\/ga\/#organization","name":"Wexford Wildfowl Reserve","url":"https:\/\/www.wexfordwildfowlreserve.ie\/ga\/","logo":{"@type":"ImageObject","inLanguage":"ga-IE","@id":"https:\/\/www.wexfordwildfowlreserve.ie\/ga\/#\/schema\/logo\/image\/","url":"https:\/\/www.wexfordwildfowlreserve.ie\/wp-content\/uploads\/2018\/10\/WWP-sized.png","contentUrl":"https:\/\/www.wexfordwildfowlreserve.ie\/wp-content\/uploads\/2018\/10\/WWP-sized.png","width":404,"height":100,"caption":"Wexford Wildfowl Reserve"},"image":{"@id":"https:\/\/www.wexfordwildfowlreserve.ie\/ga\/#\/schema\/logo\/image\/"}}]}},"jetpack_sharing_enabled":true,"_links":{"self":[{"href":"https:\/\/www.wexfordwildfowlreserve.ie\/ga\/wp-json\/wp\/v2\/pages\/1336","targetHints":{"allow":["GET"]}}],"collection":[{"href":"https:\/\/www.wexfordwildfowlreserve.ie\/ga\/wp-json\/wp\/v2\/pages"}],"about":[{"href":"https:\/\/www.wexfordwildfowlreserve.ie\/ga\/wp-json\/wp\/v2\/types\/page"}],"author":[{"embeddable":true,"href":"https:\/\/www.wexfordwildfowlreserve.ie\/ga\/wp-json\/wp\/v2\/users\/7"}],"replies":[{"embeddable":true,"href":"https:\/\/www.wexfordwildfowlreserve.ie\/ga\/wp-json\/wp\/v2\/comments?post=1336"}],"version-history":[{"count":0,"href":"https:\/\/www.wexfordwildfowlreserve.ie\/ga\/wp-json\/wp\/v2\/pages\/1336\/revisions"}],"wp:featuredmedia":[{"embeddable":true,"href":"https:\/\/www.wexfordwildfowlreserve.ie\/ga\/wp-json\/wp\/v2\/media\/1155"}],"wp:attachment":[{"href":"https:\/\/www.wexfordwildfowlreserve.ie\/ga\/wp-json\/wp\/v2\/media?parent=1336"}],"curies":[{"name":"wp","href":"https:\/\/api.w.org\/{rel}","templated":true}]}}