{"id":1329,"date":"2016-04-28T13:31:49","date_gmt":"2016-04-28T13:31:49","guid":{"rendered":"https:\/\/www.wexfordwildfowlreserve.ie\/oideachas\/meanscoil\/"},"modified":"2025-01-10T09:41:48","modified_gmt":"2025-01-10T09:41:48","slug":"meanscoil","status":"publish","type":"page","link":"https:\/\/www.wexfordwildfowlreserve.ie\/ga\/oideachas\/meanscoil\/","title":{"rendered":"Me\u00e1nscoil"},"content":{"rendered":"<p style=\"text-align: left;\">I measc na n-\u00e1iseanna ag an Anaclann t\u00e1 an t-ionad cuairteoir\u00ed, t\u00far breathn\u00f3ireachta, folach\u00e1in \u00e9anbhreathn\u00f3ireachta agus an ceantar m\u00f3rthimpeall. Cuirtear cairteacha aitheantais agus trealamh staid\u00e9ir allamuigh ar f\u00e1il. Is limist\u00e9ar oideachais allamuigh \u00ed P\u00e1irc Snipe, ina bhfuil loch\u00e1in, linnte, conair agus cl\u00e1rchos\u00e1in at\u00e1 deartha go sonrach le haghaidh scoileanna. Is f\u00e9idir leas a bhaint as Tearmann D\u00falra an Raven le haghaidh staid\u00e9ar allamuigh ar dhumhcha freisin.<\/p>\n<hr>\n<p><span style=\"color: #004046;\">There are no Secondary workshops running in 2024<\/span><\/p>\n","protected":false},"excerpt":{"rendered":"<p>I measc na n-\u00e1iseanna ag an Anaclann t\u00e1 an t-ionad cuairteoir\u00ed, t\u00far breathn\u00f3ireachta, folach\u00e1in \u00e9anbhreathn\u00f3ireachta agus an ceantar m\u00f3rthimpeall. Cuirtear cairteacha aitheantais agus trealamh staid\u00e9ir allamuigh ar f\u00e1il. Is limist\u00e9ar oideachais allamuigh \u00ed P\u00e1irc Snipe, ina bhfuil loch\u00e1in, linnte, conair agus cl\u00e1rchos\u00e1in at\u00e1 deartha go sonrach le haghaidh scoileanna. Is f\u00e9idir leas a bhaint as&#8230; <\/p>\n","protected":false},"author":7,"featured_media":1141,"parent":1326,"menu_order":2,"comment_status":"closed","ping_status":"closed","template":"no-sidebar.php","meta":{"cybocfi_hide_featured_image":"","footnotes":""},"class_list":["post-1329","page","type-page","status-publish","has-post-thumbnail","hentry"],"yoast_head":"<!-- This site is optimized with the Yoast SEO plugin v27.3 - https:\/\/yoast.com\/product\/yoast-seo-wordpress\/ -->\n<title>Me\u00e1nscoil - Anaclann \u00e9anlaithe fi\u00e1ine Loch Garman<\/title>\n<meta name=\"robots\" content=\"index, follow, max-snippet:-1, max-image-preview:large, max-video-preview:-1\" \/>\n<link rel=\"canonical\" href=\"https:\/\/www.wexfordwildfowlreserve.ie\/ga\/oideachas\/meanscoil\/\" \/>\n<meta property=\"og:locale\" content=\"ga_IE\" \/>\n<meta property=\"og:type\" content=\"article\" \/>\n<meta property=\"og:title\" content=\"Me\u00e1nscoil - Anaclann \u00e9anlaithe fi\u00e1ine Loch Garman\" \/>\n<meta property=\"og:description\" content=\"I measc na n-\u00e1iseanna ag an Anaclann t\u00e1 an t-ionad cuairteoir\u00ed, t\u00far breathn\u00f3ireachta, folach\u00e1in \u00e9anbhreathn\u00f3ireachta agus an ceantar m\u00f3rthimpeall. Cuirtear cairteacha aitheantais agus trealamh staid\u00e9ir allamuigh ar f\u00e1il. Is limist\u00e9ar oideachais allamuigh \u00ed P\u00e1irc Snipe, ina bhfuil loch\u00e1in, linnte, conair agus cl\u00e1rchos\u00e1in at\u00e1 deartha go sonrach le haghaidh scoileanna. Is f\u00e9idir leas a bhaint as...\" \/>\n<meta property=\"og:url\" content=\"https:\/\/www.wexfordwildfowlreserve.ie\/ga\/oideachas\/meanscoil\/\" \/>\n<meta property=\"og:site_name\" content=\"Anaclann \u00e9anlaithe fi\u00e1ine Loch Garman\" \/>\n<meta property=\"article:modified_time\" content=\"2025-01-10T09:41:48+00:00\" \/>\n<meta property=\"og:image\" content=\"https:\/\/www.wexfordwildfowlreserve.ie\/wp-content\/uploads\/2017\/11\/header-for-secondary.jpg\" \/>\n\t<meta property=\"og:image:width\" content=\"1024\" \/>\n\t<meta property=\"og:image:height\" content=\"251\" \/>\n\t<meta property=\"og:image:type\" content=\"image\/jpeg\" \/>\n<meta name=\"twitter:card\" content=\"summary_large_image\" \/>\n<script type=\"application\/ld+json\" class=\"yoast-schema-graph\">{\"@context\":\"https:\\\/\\\/schema.org\",\"@graph\":[{\"@type\":\"WebPage\",\"@id\":\"https:\\\/\\\/www.wexfordwildfowlreserve.ie\\\/ga\\\/oideachas\\\/meanscoil\\\/\",\"url\":\"https:\\\/\\\/www.wexfordwildfowlreserve.ie\\\/ga\\\/oideachas\\\/meanscoil\\\/\",\"name\":\"Me\u00e1nscoil - Anaclann \u00e9anlaithe fi\u00e1ine Loch Garman\",\"isPartOf\":{\"@id\":\"https:\\\/\\\/www.wexfordwildfowlreserve.ie\\\/ga\\\/#website\"},\"primaryImageOfPage\":{\"@id\":\"https:\\\/\\\/www.wexfordwildfowlreserve.ie\\\/ga\\\/oideachas\\\/meanscoil\\\/#primaryimage\"},\"image\":{\"@id\":\"https:\\\/\\\/www.wexfordwildfowlreserve.ie\\\/ga\\\/oideachas\\\/meanscoil\\\/#primaryimage\"},\"thumbnailUrl\":\"https:\\\/\\\/www.wexfordwildfowlreserve.ie\\\/wp-content\\\/uploads\\\/2017\\\/11\\\/header-for-secondary.jpg\",\"datePublished\":\"2016-04-28T13:31:49+00:00\",\"dateModified\":\"2025-01-10T09:41:48+00:00\",\"breadcrumb\":{\"@id\":\"https:\\\/\\\/www.wexfordwildfowlreserve.ie\\\/ga\\\/oideachas\\\/meanscoil\\\/#breadcrumb\"},\"inLanguage\":\"ga-IE\",\"potentialAction\":[{\"@type\":\"ReadAction\",\"target\":[\"https:\\\/\\\/www.wexfordwildfowlreserve.ie\\\/ga\\\/oideachas\\\/meanscoil\\\/\"]}]},{\"@type\":\"ImageObject\",\"inLanguage\":\"ga-IE\",\"@id\":\"https:\\\/\\\/www.wexfordwildfowlreserve.ie\\\/ga\\\/oideachas\\\/meanscoil\\\/#primaryimage\",\"url\":\"https:\\\/\\\/www.wexfordwildfowlreserve.ie\\\/wp-content\\\/uploads\\\/2017\\\/11\\\/header-for-secondary.jpg\",\"contentUrl\":\"https:\\\/\\\/www.wexfordwildfowlreserve.ie\\\/wp-content\\\/uploads\\\/2017\\\/11\\\/header-for-secondary.jpg\",\"width\":1024,\"height\":251},{\"@type\":\"BreadcrumbList\",\"@id\":\"https:\\\/\\\/www.wexfordwildfowlreserve.ie\\\/ga\\\/oideachas\\\/meanscoil\\\/#breadcrumb\",\"itemListElement\":[{\"@type\":\"ListItem\",\"position\":1,\"name\":\"Home\",\"item\":\"https:\\\/\\\/www.wexfordwildfowlreserve.ie\\\/ga\\\/\"},{\"@type\":\"ListItem\",\"position\":2,\"name\":\"Oideachas\",\"item\":\"https:\\\/\\\/www.wexfordwildfowlreserve.ie\\\/ga\\\/oideachas\\\/\"},{\"@type\":\"ListItem\",\"position\":3,\"name\":\"Me\u00e1nscoil\"}]},{\"@type\":\"WebSite\",\"@id\":\"https:\\\/\\\/www.wexfordwildfowlreserve.ie\\\/ga\\\/#website\",\"url\":\"https:\\\/\\\/www.wexfordwildfowlreserve.ie\\\/ga\\\/\",\"name\":\"Wexford Wildfowl Reserve\",\"description\":\"\",\"publisher\":{\"@id\":\"https:\\\/\\\/www.wexfordwildfowlreserve.ie\\\/ga\\\/#organization\"},\"potentialAction\":[{\"@type\":\"SearchAction\",\"target\":{\"@type\":\"EntryPoint\",\"urlTemplate\":\"https:\\\/\\\/www.wexfordwildfowlreserve.ie\\\/ga\\\/?s={search_term_string}\"},\"query-input\":{\"@type\":\"PropertyValueSpecification\",\"valueRequired\":true,\"valueName\":\"search_term_string\"}}],\"inLanguage\":\"ga-IE\"},{\"@type\":\"Organization\",\"@id\":\"https:\\\/\\\/www.wexfordwildfowlreserve.ie\\\/ga\\\/#organization\",\"name\":\"Wexford Wildfowl Reserve\",\"url\":\"https:\\\/\\\/www.wexfordwildfowlreserve.ie\\\/ga\\\/\",\"logo\":{\"@type\":\"ImageObject\",\"inLanguage\":\"ga-IE\",\"@id\":\"https:\\\/\\\/www.wexfordwildfowlreserve.ie\\\/ga\\\/#\\\/schema\\\/logo\\\/image\\\/\",\"url\":\"https:\\\/\\\/www.wexfordwildfowlreserve.ie\\\/wp-content\\\/uploads\\\/2018\\\/10\\\/WWP-sized.png\",\"contentUrl\":\"https:\\\/\\\/www.wexfordwildfowlreserve.ie\\\/wp-content\\\/uploads\\\/2018\\\/10\\\/WWP-sized.png\",\"width\":404,\"height\":100,\"caption\":\"Wexford Wildfowl Reserve\"},\"image\":{\"@id\":\"https:\\\/\\\/www.wexfordwildfowlreserve.ie\\\/ga\\\/#\\\/schema\\\/logo\\\/image\\\/\"}}]}<\/script>\n<!-- \/ Yoast SEO plugin. -->","yoast_head_json":{"title":"Me\u00e1nscoil - Anaclann \u00e9anlaithe fi\u00e1ine Loch Garman","robots":{"index":"index","follow":"follow","max-snippet":"max-snippet:-1","max-image-preview":"max-image-preview:large","max-video-preview":"max-video-preview:-1"},"canonical":"https:\/\/www.wexfordwildfowlreserve.ie\/ga\/oideachas\/meanscoil\/","og_locale":"ga_IE","og_type":"article","og_title":"Me\u00e1nscoil - Anaclann \u00e9anlaithe fi\u00e1ine Loch Garman","og_description":"I measc na n-\u00e1iseanna ag an Anaclann t\u00e1 an t-ionad cuairteoir\u00ed, t\u00far breathn\u00f3ireachta, folach\u00e1in \u00e9anbhreathn\u00f3ireachta agus an ceantar m\u00f3rthimpeall. Cuirtear cairteacha aitheantais agus trealamh staid\u00e9ir allamuigh ar f\u00e1il. Is limist\u00e9ar oideachais allamuigh \u00ed P\u00e1irc Snipe, ina bhfuil loch\u00e1in, linnte, conair agus cl\u00e1rchos\u00e1in at\u00e1 deartha go sonrach le haghaidh scoileanna. Is f\u00e9idir leas a bhaint as...","og_url":"https:\/\/www.wexfordwildfowlreserve.ie\/ga\/oideachas\/meanscoil\/","og_site_name":"Anaclann \u00e9anlaithe fi\u00e1ine Loch Garman","article_modified_time":"2025-01-10T09:41:48+00:00","og_image":[{"width":1024,"height":251,"url":"https:\/\/www.wexfordwildfowlreserve.ie\/wp-content\/uploads\/2017\/11\/header-for-secondary.jpg","type":"image\/jpeg"}],"twitter_card":"summary_large_image","schema":{"@context":"https:\/\/schema.org","@graph":[{"@type":"WebPage","@id":"https:\/\/www.wexfordwildfowlreserve.ie\/ga\/oideachas\/meanscoil\/","url":"https:\/\/www.wexfordwildfowlreserve.ie\/ga\/oideachas\/meanscoil\/","name":"Me\u00e1nscoil - Anaclann \u00e9anlaithe fi\u00e1ine Loch Garman","isPartOf":{"@id":"https:\/\/www.wexfordwildfowlreserve.ie\/ga\/#website"},"primaryImageOfPage":{"@id":"https:\/\/www.wexfordwildfowlreserve.ie\/ga\/oideachas\/meanscoil\/#primaryimage"},"image":{"@id":"https:\/\/www.wexfordwildfowlreserve.ie\/ga\/oideachas\/meanscoil\/#primaryimage"},"thumbnailUrl":"https:\/\/www.wexfordwildfowlreserve.ie\/wp-content\/uploads\/2017\/11\/header-for-secondary.jpg","datePublished":"2016-04-28T13:31:49+00:00","dateModified":"2025-01-10T09:41:48+00:00","breadcrumb":{"@id":"https:\/\/www.wexfordwildfowlreserve.ie\/ga\/oideachas\/meanscoil\/#breadcrumb"},"inLanguage":"ga-IE","potentialAction":[{"@type":"ReadAction","target":["https:\/\/www.wexfordwildfowlreserve.ie\/ga\/oideachas\/meanscoil\/"]}]},{"@type":"ImageObject","inLanguage":"ga-IE","@id":"https:\/\/www.wexfordwildfowlreserve.ie\/ga\/oideachas\/meanscoil\/#primaryimage","url":"https:\/\/www.wexfordwildfowlreserve.ie\/wp-content\/uploads\/2017\/11\/header-for-secondary.jpg","contentUrl":"https:\/\/www.wexfordwildfowlreserve.ie\/wp-content\/uploads\/2017\/11\/header-for-secondary.jpg","width":1024,"height":251},{"@type":"BreadcrumbList","@id":"https:\/\/www.wexfordwildfowlreserve.ie\/ga\/oideachas\/meanscoil\/#breadcrumb","itemListElement":[{"@type":"ListItem","position":1,"name":"Home","item":"https:\/\/www.wexfordwildfowlreserve.ie\/ga\/"},{"@type":"ListItem","position":2,"name":"Oideachas","item":"https:\/\/www.wexfordwildfowlreserve.ie\/ga\/oideachas\/"},{"@type":"ListItem","position":3,"name":"Me\u00e1nscoil"}]},{"@type":"WebSite","@id":"https:\/\/www.wexfordwildfowlreserve.ie\/ga\/#website","url":"https:\/\/www.wexfordwildfowlreserve.ie\/ga\/","name":"Wexford Wildfowl Reserve","description":"","publisher":{"@id":"https:\/\/www.wexfordwildfowlreserve.ie\/ga\/#organization"},"potentialAction":[{"@type":"SearchAction","target":{"@type":"EntryPoint","urlTemplate":"https:\/\/www.wexfordwildfowlreserve.ie\/ga\/?s={search_term_string}"},"query-input":{"@type":"PropertyValueSpecification","valueRequired":true,"valueName":"search_term_string"}}],"inLanguage":"ga-IE"},{"@type":"Organization","@id":"https:\/\/www.wexfordwildfowlreserve.ie\/ga\/#organization","name":"Wexford Wildfowl Reserve","url":"https:\/\/www.wexfordwildfowlreserve.ie\/ga\/","logo":{"@type":"ImageObject","inLanguage":"ga-IE","@id":"https:\/\/www.wexfordwildfowlreserve.ie\/ga\/#\/schema\/logo\/image\/","url":"https:\/\/www.wexfordwildfowlreserve.ie\/wp-content\/uploads\/2018\/10\/WWP-sized.png","contentUrl":"https:\/\/www.wexfordwildfowlreserve.ie\/wp-content\/uploads\/2018\/10\/WWP-sized.png","width":404,"height":100,"caption":"Wexford Wildfowl Reserve"},"image":{"@id":"https:\/\/www.wexfordwildfowlreserve.ie\/ga\/#\/schema\/logo\/image\/"}}]}},"jetpack_sharing_enabled":true,"_links":{"self":[{"href":"https:\/\/www.wexfordwildfowlreserve.ie\/ga\/wp-json\/wp\/v2\/pages\/1329","targetHints":{"allow":["GET"]}}],"collection":[{"href":"https:\/\/www.wexfordwildfowlreserve.ie\/ga\/wp-json\/wp\/v2\/pages"}],"about":[{"href":"https:\/\/www.wexfordwildfowlreserve.ie\/ga\/wp-json\/wp\/v2\/types\/page"}],"author":[{"embeddable":true,"href":"https:\/\/www.wexfordwildfowlreserve.ie\/ga\/wp-json\/wp\/v2\/users\/7"}],"replies":[{"embeddable":true,"href":"https:\/\/www.wexfordwildfowlreserve.ie\/ga\/wp-json\/wp\/v2\/comments?post=1329"}],"version-history":[{"count":2,"href":"https:\/\/www.wexfordwildfowlreserve.ie\/ga\/wp-json\/wp\/v2\/pages\/1329\/revisions"}],"predecessor-version":[{"id":2179,"href":"https:\/\/www.wexfordwildfowlreserve.ie\/ga\/wp-json\/wp\/v2\/pages\/1329\/revisions\/2179"}],"up":[{"embeddable":true,"href":"https:\/\/www.wexfordwildfowlreserve.ie\/ga\/wp-json\/wp\/v2\/pages\/1326"}],"wp:featuredmedia":[{"embeddable":true,"href":"https:\/\/www.wexfordwildfowlreserve.ie\/ga\/wp-json\/wp\/v2\/media\/1141"}],"wp:attachment":[{"href":"https:\/\/www.wexfordwildfowlreserve.ie\/ga\/wp-json\/wp\/v2\/media?parent=1329"}],"curies":[{"name":"wp","href":"https:\/\/api.w.org\/{rel}","templated":true}]}}