{"id":1327,"date":"2016-04-28T13:31:12","date_gmt":"2016-04-28T13:31:12","guid":{"rendered":"https:\/\/www.wexfordwildfowlreserve.ie\/oideachas\/bunscoil\/"},"modified":"2023-09-05T07:58:08","modified_gmt":"2023-09-05T07:58:08","slug":"bunscoil","status":"publish","type":"page","link":"https:\/\/www.wexfordwildfowlreserve.ie\/ga\/oideachas\/bunscoil\/","title":{"rendered":"Bunscoil"},"content":{"rendered":"<p>\u00d3 Mhe\u00e1n F\u00f3mhair 2010 t\u00e1 Anaclann \u00c9anlaithe Fi\u00e1ine Loch Garman mar chuid den L\u00edonra Discover Primary Science and Maths. M\u00e1 t\u00e1 do scoil mar chuid den chl\u00e1r seo, cuir \u00e9 seo in i\u00fal d\u00fainn le do thoil agus \u00e1irithint \u00e1 dh\u00e9anamh agat.<\/p>\n<p><span style=\"color:#004046;\"><strong>T\u00e1 deireadh len\u00e1r gcl\u00e1r oideachais Earraigh\/Samhraidh anois. D\u00e9anfaimid teagmh\u00e1il le gach scoil i m\u00ed Mhe\u00e1n F\u00f3mhair le sonra\u00ed \u00e1r gceardlanna laistigh.<\/strong><\/span><\/p>\n<p>&nbsp;<\/p>\n","protected":false},"excerpt":{"rendered":"<p>\u00d3 Mhe\u00e1n F\u00f3mhair 2010 t\u00e1 Anaclann \u00c9anlaithe Fi\u00e1ine Loch Garman mar chuid den L\u00edonra Discover Primary Science and Maths. M\u00e1 t\u00e1 do scoil mar chuid den chl\u00e1r seo, cuir \u00e9 seo in i\u00fal d\u00fainn le do thoil agus \u00e1irithint \u00e1 dh\u00e9anamh agat. T\u00e1 deireadh len\u00e1r gcl\u00e1r oideachais Earraigh\/Samhraidh anois. D\u00e9anfaimid teagmh\u00e1il le gach scoil i&#8230; <\/p>\n","protected":false},"author":7,"featured_media":1140,"parent":1326,"menu_order":3,"comment_status":"closed","ping_status":"closed","template":"no-sidebar.php","meta":{"cybocfi_hide_featured_image":"","footnotes":""},"class_list":["post-1327","page","type-page","status-publish","has-post-thumbnail","hentry"],"yoast_head":"<!-- This site is optimized with the Yoast SEO plugin v27.3 - https:\/\/yoast.com\/product\/yoast-seo-wordpress\/ -->\n<title>Bunscoil - Anaclann \u00e9anlaithe fi\u00e1ine Loch Garman<\/title>\n<meta name=\"robots\" content=\"index, follow, max-snippet:-1, max-image-preview:large, max-video-preview:-1\" \/>\n<link rel=\"canonical\" href=\"https:\/\/www.wexfordwildfowlreserve.ie\/ga\/oideachas\/bunscoil\/\" \/>\n<meta property=\"og:locale\" content=\"ga_IE\" \/>\n<meta property=\"og:type\" content=\"article\" \/>\n<meta property=\"og:title\" content=\"Bunscoil - Anaclann \u00e9anlaithe fi\u00e1ine Loch Garman\" \/>\n<meta property=\"og:description\" content=\"\u00d3 Mhe\u00e1n F\u00f3mhair 2010 t\u00e1 Anaclann \u00c9anlaithe Fi\u00e1ine Loch Garman mar chuid den L\u00edonra Discover Primary Science and Maths. M\u00e1 t\u00e1 do scoil mar chuid den chl\u00e1r seo, cuir \u00e9 seo in i\u00fal d\u00fainn le do thoil agus \u00e1irithint \u00e1 dh\u00e9anamh agat. T\u00e1 deireadh len\u00e1r gcl\u00e1r oideachais Earraigh\/Samhraidh anois. D\u00e9anfaimid teagmh\u00e1il le gach scoil i...\" \/>\n<meta property=\"og:url\" content=\"https:\/\/www.wexfordwildfowlreserve.ie\/ga\/oideachas\/bunscoil\/\" \/>\n<meta property=\"og:site_name\" content=\"Anaclann \u00e9anlaithe fi\u00e1ine Loch Garman\" \/>\n<meta property=\"article:modified_time\" content=\"2023-09-05T07:58:08+00:00\" \/>\n<meta property=\"og:image\" content=\"https:\/\/www.wexfordwildfowlreserve.ie\/wp-content\/uploads\/2017\/11\/buildings.jpg\" \/>\n\t<meta property=\"og:image:width\" content=\"1269\" \/>\n\t<meta property=\"og:image:height\" content=\"249\" \/>\n\t<meta property=\"og:image:type\" content=\"image\/jpeg\" \/>\n<meta name=\"twitter:card\" content=\"summary_large_image\" \/>\n<script type=\"application\/ld+json\" class=\"yoast-schema-graph\">{\"@context\":\"https:\\\/\\\/schema.org\",\"@graph\":[{\"@type\":\"WebPage\",\"@id\":\"https:\\\/\\\/www.wexfordwildfowlreserve.ie\\\/ga\\\/oideachas\\\/bunscoil\\\/\",\"url\":\"https:\\\/\\\/www.wexfordwildfowlreserve.ie\\\/ga\\\/oideachas\\\/bunscoil\\\/\",\"name\":\"Bunscoil - Anaclann \u00e9anlaithe fi\u00e1ine Loch Garman\",\"isPartOf\":{\"@id\":\"https:\\\/\\\/www.wexfordwildfowlreserve.ie\\\/ga\\\/#website\"},\"primaryImageOfPage\":{\"@id\":\"https:\\\/\\\/www.wexfordwildfowlreserve.ie\\\/ga\\\/oideachas\\\/bunscoil\\\/#primaryimage\"},\"image\":{\"@id\":\"https:\\\/\\\/www.wexfordwildfowlreserve.ie\\\/ga\\\/oideachas\\\/bunscoil\\\/#primaryimage\"},\"thumbnailUrl\":\"https:\\\/\\\/www.wexfordwildfowlreserve.ie\\\/wp-content\\\/uploads\\\/2017\\\/11\\\/buildings.jpg\",\"datePublished\":\"2016-04-28T13:31:12+00:00\",\"dateModified\":\"2023-09-05T07:58:08+00:00\",\"breadcrumb\":{\"@id\":\"https:\\\/\\\/www.wexfordwildfowlreserve.ie\\\/ga\\\/oideachas\\\/bunscoil\\\/#breadcrumb\"},\"inLanguage\":\"ga-IE\",\"potentialAction\":[{\"@type\":\"ReadAction\",\"target\":[\"https:\\\/\\\/www.wexfordwildfowlreserve.ie\\\/ga\\\/oideachas\\\/bunscoil\\\/\"]}]},{\"@type\":\"ImageObject\",\"inLanguage\":\"ga-IE\",\"@id\":\"https:\\\/\\\/www.wexfordwildfowlreserve.ie\\\/ga\\\/oideachas\\\/bunscoil\\\/#primaryimage\",\"url\":\"https:\\\/\\\/www.wexfordwildfowlreserve.ie\\\/wp-content\\\/uploads\\\/2017\\\/11\\\/buildings.jpg\",\"contentUrl\":\"https:\\\/\\\/www.wexfordwildfowlreserve.ie\\\/wp-content\\\/uploads\\\/2017\\\/11\\\/buildings.jpg\",\"width\":1269,\"height\":249},{\"@type\":\"BreadcrumbList\",\"@id\":\"https:\\\/\\\/www.wexfordwildfowlreserve.ie\\\/ga\\\/oideachas\\\/bunscoil\\\/#breadcrumb\",\"itemListElement\":[{\"@type\":\"ListItem\",\"position\":1,\"name\":\"Home\",\"item\":\"https:\\\/\\\/www.wexfordwildfowlreserve.ie\\\/ga\\\/\"},{\"@type\":\"ListItem\",\"position\":2,\"name\":\"Oideachas\",\"item\":\"https:\\\/\\\/www.wexfordwildfowlreserve.ie\\\/ga\\\/oideachas\\\/\"},{\"@type\":\"ListItem\",\"position\":3,\"name\":\"Bunscoil\"}]},{\"@type\":\"WebSite\",\"@id\":\"https:\\\/\\\/www.wexfordwildfowlreserve.ie\\\/ga\\\/#website\",\"url\":\"https:\\\/\\\/www.wexfordwildfowlreserve.ie\\\/ga\\\/\",\"name\":\"Wexford Wildfowl Reserve\",\"description\":\"\",\"publisher\":{\"@id\":\"https:\\\/\\\/www.wexfordwildfowlreserve.ie\\\/ga\\\/#organization\"},\"potentialAction\":[{\"@type\":\"SearchAction\",\"target\":{\"@type\":\"EntryPoint\",\"urlTemplate\":\"https:\\\/\\\/www.wexfordwildfowlreserve.ie\\\/ga\\\/?s={search_term_string}\"},\"query-input\":{\"@type\":\"PropertyValueSpecification\",\"valueRequired\":true,\"valueName\":\"search_term_string\"}}],\"inLanguage\":\"ga-IE\"},{\"@type\":\"Organization\",\"@id\":\"https:\\\/\\\/www.wexfordwildfowlreserve.ie\\\/ga\\\/#organization\",\"name\":\"Wexford Wildfowl Reserve\",\"url\":\"https:\\\/\\\/www.wexfordwildfowlreserve.ie\\\/ga\\\/\",\"logo\":{\"@type\":\"ImageObject\",\"inLanguage\":\"ga-IE\",\"@id\":\"https:\\\/\\\/www.wexfordwildfowlreserve.ie\\\/ga\\\/#\\\/schema\\\/logo\\\/image\\\/\",\"url\":\"https:\\\/\\\/www.wexfordwildfowlreserve.ie\\\/wp-content\\\/uploads\\\/2018\\\/10\\\/WWP-sized.png\",\"contentUrl\":\"https:\\\/\\\/www.wexfordwildfowlreserve.ie\\\/wp-content\\\/uploads\\\/2018\\\/10\\\/WWP-sized.png\",\"width\":404,\"height\":100,\"caption\":\"Wexford Wildfowl Reserve\"},\"image\":{\"@id\":\"https:\\\/\\\/www.wexfordwildfowlreserve.ie\\\/ga\\\/#\\\/schema\\\/logo\\\/image\\\/\"}}]}<\/script>\n<!-- \/ Yoast SEO plugin. -->","yoast_head_json":{"title":"Bunscoil - Anaclann \u00e9anlaithe fi\u00e1ine Loch Garman","robots":{"index":"index","follow":"follow","max-snippet":"max-snippet:-1","max-image-preview":"max-image-preview:large","max-video-preview":"max-video-preview:-1"},"canonical":"https:\/\/www.wexfordwildfowlreserve.ie\/ga\/oideachas\/bunscoil\/","og_locale":"ga_IE","og_type":"article","og_title":"Bunscoil - Anaclann \u00e9anlaithe fi\u00e1ine Loch Garman","og_description":"\u00d3 Mhe\u00e1n F\u00f3mhair 2010 t\u00e1 Anaclann \u00c9anlaithe Fi\u00e1ine Loch Garman mar chuid den L\u00edonra Discover Primary Science and Maths. M\u00e1 t\u00e1 do scoil mar chuid den chl\u00e1r seo, cuir \u00e9 seo in i\u00fal d\u00fainn le do thoil agus \u00e1irithint \u00e1 dh\u00e9anamh agat. T\u00e1 deireadh len\u00e1r gcl\u00e1r oideachais Earraigh\/Samhraidh anois. D\u00e9anfaimid teagmh\u00e1il le gach scoil i...","og_url":"https:\/\/www.wexfordwildfowlreserve.ie\/ga\/oideachas\/bunscoil\/","og_site_name":"Anaclann \u00e9anlaithe fi\u00e1ine Loch Garman","article_modified_time":"2023-09-05T07:58:08+00:00","og_image":[{"width":1269,"height":249,"url":"https:\/\/www.wexfordwildfowlreserve.ie\/wp-content\/uploads\/2017\/11\/buildings.jpg","type":"image\/jpeg"}],"twitter_card":"summary_large_image","schema":{"@context":"https:\/\/schema.org","@graph":[{"@type":"WebPage","@id":"https:\/\/www.wexfordwildfowlreserve.ie\/ga\/oideachas\/bunscoil\/","url":"https:\/\/www.wexfordwildfowlreserve.ie\/ga\/oideachas\/bunscoil\/","name":"Bunscoil - Anaclann \u00e9anlaithe fi\u00e1ine Loch Garman","isPartOf":{"@id":"https:\/\/www.wexfordwildfowlreserve.ie\/ga\/#website"},"primaryImageOfPage":{"@id":"https:\/\/www.wexfordwildfowlreserve.ie\/ga\/oideachas\/bunscoil\/#primaryimage"},"image":{"@id":"https:\/\/www.wexfordwildfowlreserve.ie\/ga\/oideachas\/bunscoil\/#primaryimage"},"thumbnailUrl":"https:\/\/www.wexfordwildfowlreserve.ie\/wp-content\/uploads\/2017\/11\/buildings.jpg","datePublished":"2016-04-28T13:31:12+00:00","dateModified":"2023-09-05T07:58:08+00:00","breadcrumb":{"@id":"https:\/\/www.wexfordwildfowlreserve.ie\/ga\/oideachas\/bunscoil\/#breadcrumb"},"inLanguage":"ga-IE","potentialAction":[{"@type":"ReadAction","target":["https:\/\/www.wexfordwildfowlreserve.ie\/ga\/oideachas\/bunscoil\/"]}]},{"@type":"ImageObject","inLanguage":"ga-IE","@id":"https:\/\/www.wexfordwildfowlreserve.ie\/ga\/oideachas\/bunscoil\/#primaryimage","url":"https:\/\/www.wexfordwildfowlreserve.ie\/wp-content\/uploads\/2017\/11\/buildings.jpg","contentUrl":"https:\/\/www.wexfordwildfowlreserve.ie\/wp-content\/uploads\/2017\/11\/buildings.jpg","width":1269,"height":249},{"@type":"BreadcrumbList","@id":"https:\/\/www.wexfordwildfowlreserve.ie\/ga\/oideachas\/bunscoil\/#breadcrumb","itemListElement":[{"@type":"ListItem","position":1,"name":"Home","item":"https:\/\/www.wexfordwildfowlreserve.ie\/ga\/"},{"@type":"ListItem","position":2,"name":"Oideachas","item":"https:\/\/www.wexfordwildfowlreserve.ie\/ga\/oideachas\/"},{"@type":"ListItem","position":3,"name":"Bunscoil"}]},{"@type":"WebSite","@id":"https:\/\/www.wexfordwildfowlreserve.ie\/ga\/#website","url":"https:\/\/www.wexfordwildfowlreserve.ie\/ga\/","name":"Wexford Wildfowl Reserve","description":"","publisher":{"@id":"https:\/\/www.wexfordwildfowlreserve.ie\/ga\/#organization"},"potentialAction":[{"@type":"SearchAction","target":{"@type":"EntryPoint","urlTemplate":"https:\/\/www.wexfordwildfowlreserve.ie\/ga\/?s={search_term_string}"},"query-input":{"@type":"PropertyValueSpecification","valueRequired":true,"valueName":"search_term_string"}}],"inLanguage":"ga-IE"},{"@type":"Organization","@id":"https:\/\/www.wexfordwildfowlreserve.ie\/ga\/#organization","name":"Wexford Wildfowl Reserve","url":"https:\/\/www.wexfordwildfowlreserve.ie\/ga\/","logo":{"@type":"ImageObject","inLanguage":"ga-IE","@id":"https:\/\/www.wexfordwildfowlreserve.ie\/ga\/#\/schema\/logo\/image\/","url":"https:\/\/www.wexfordwildfowlreserve.ie\/wp-content\/uploads\/2018\/10\/WWP-sized.png","contentUrl":"https:\/\/www.wexfordwildfowlreserve.ie\/wp-content\/uploads\/2018\/10\/WWP-sized.png","width":404,"height":100,"caption":"Wexford Wildfowl Reserve"},"image":{"@id":"https:\/\/www.wexfordwildfowlreserve.ie\/ga\/#\/schema\/logo\/image\/"}}]}},"jetpack_sharing_enabled":true,"_links":{"self":[{"href":"https:\/\/www.wexfordwildfowlreserve.ie\/ga\/wp-json\/wp\/v2\/pages\/1327","targetHints":{"allow":["GET"]}}],"collection":[{"href":"https:\/\/www.wexfordwildfowlreserve.ie\/ga\/wp-json\/wp\/v2\/pages"}],"about":[{"href":"https:\/\/www.wexfordwildfowlreserve.ie\/ga\/wp-json\/wp\/v2\/types\/page"}],"author":[{"embeddable":true,"href":"https:\/\/www.wexfordwildfowlreserve.ie\/ga\/wp-json\/wp\/v2\/users\/7"}],"replies":[{"embeddable":true,"href":"https:\/\/www.wexfordwildfowlreserve.ie\/ga\/wp-json\/wp\/v2\/comments?post=1327"}],"version-history":[{"count":2,"href":"https:\/\/www.wexfordwildfowlreserve.ie\/ga\/wp-json\/wp\/v2\/pages\/1327\/revisions"}],"predecessor-version":[{"id":1529,"href":"https:\/\/www.wexfordwildfowlreserve.ie\/ga\/wp-json\/wp\/v2\/pages\/1327\/revisions\/1529"}],"up":[{"embeddable":true,"href":"https:\/\/www.wexfordwildfowlreserve.ie\/ga\/wp-json\/wp\/v2\/pages\/1326"}],"wp:featuredmedia":[{"embeddable":true,"href":"https:\/\/www.wexfordwildfowlreserve.ie\/ga\/wp-json\/wp\/v2\/media\/1140"}],"wp:attachment":[{"href":"https:\/\/www.wexfordwildfowlreserve.ie\/ga\/wp-json\/wp\/v2\/media?parent=1327"}],"curies":[{"name":"wp","href":"https:\/\/api.w.org\/{rel}","templated":true}]}}