{"id":1326,"date":"2016-04-28T13:21:09","date_gmt":"2016-04-28T13:21:09","guid":{"rendered":"https:\/\/www.wexfordwildfowlreserve.ie\/oideachas\/"},"modified":"2023-09-01T14:48:24","modified_gmt":"2023-09-01T14:48:24","slug":"oideachas","status":"publish","type":"page","link":"https:\/\/www.wexfordwildfowlreserve.ie\/ga\/oideachas\/","title":{"rendered":"Oideachas"},"content":{"rendered":"<p>T\u00e1 Roinn Oideachais Anaclann \u00e9anlaithe fi\u00e1ine Loch Garman ar cheann de sh\u00e9 Ionad Oideachais um Fhiadh\u00falra agus Ph\u00e1irc N\u00e1isi\u00fanta ar fud na t\u00edre (<a href=\"https:\/\/www.npws.ie\/education\/education-centres\" target=\"_blank\" rel=\"noopener noreferrer\">clice\u00e1il anseo chun eolas a fh\u00e1il ar Ionaid Oideachais eile<\/a>). T\u00e1 gach ionad \u00e1 re\u00e1cht\u00e1il ag foireann Oideachais thiomanta, dh\u00edograiseach agus eolach. I measc na n-\u00e1iseanna ag Anaclann \u00e9anlaithe fi\u00e1ine Loch Garman t\u00e1 an t-ionad cuairteoir\u00ed, t\u00far breathn\u00f3ireachta, folach\u00e1in \u00e9anbhreathn\u00f3ireachta agus l\u00e1thair phicnic\u00ed. B\u00edonn ranganna oideachais ar si\u00fal freisin in Anaclann D\u00falra an Raven.<\/p>\n<p><span style=\"color: #004046;\">Tabhair faoi deara go gcaithfidh gach Scoil Foirm \u00c1irithinte a chomhl\u00e1n\u00fa agus a sheoladh ar ais roimh l\u00e1 na cuairte.<\/span><\/p>\n<hr style=\"margin: 2em 0\">\n<h2>Bunscoileanna<\/h2>\n<p><a href=\"https:\/\/www.wexfordwildfowlreserve.ie\/?page_id=45\">Tuilleadh eolais faoin\u00e1r gcl\u00e1r do bhunscoileanna<\/a><\/p>\n<hr style=\"margin: 2em 0\">\n<h2>Me\u00e1nscoileanna<\/h2>\n<p><a href=\"https:\/\/www.wexfordwildfowlreserve.ie\/?page_id=46\">Tuilleadh eolais faoin\u00e1r gcl\u00e1r do mhe\u00e1nscoileanna<\/a><\/p>\n<hr style=\"margin: 2em 0\">\n","protected":false},"excerpt":{"rendered":"<p>T\u00e1 Roinn Oideachais Anaclann \u00e9anlaithe fi\u00e1ine Loch Garman ar cheann de sh\u00e9 Ionad Oideachais um Fhiadh\u00falra agus Ph\u00e1irc N\u00e1isi\u00fanta ar fud na t\u00edre (clice\u00e1il anseo chun eolas a fh\u00e1il ar Ionaid Oideachais eile). T\u00e1 gach ionad \u00e1 re\u00e1cht\u00e1il ag foireann Oideachais thiomanta, dh\u00edograiseach agus eolach. I measc na n-\u00e1iseanna ag Anaclann \u00e9anlaithe fi\u00e1ine Loch Garman&#8230; <\/p>\n","protected":false},"author":7,"featured_media":1139,"parent":0,"menu_order":4,"comment_status":"closed","ping_status":"closed","template":"no-sidebar.php","meta":{"cybocfi_hide_featured_image":"","footnotes":""},"class_list":["post-1326","page","type-page","status-publish","has-post-thumbnail","hentry"],"yoast_head":"<!-- This site is optimized with the Yoast SEO plugin v27.3 - https:\/\/yoast.com\/product\/yoast-seo-wordpress\/ -->\n<title>Oideachas - Anaclann \u00e9anlaithe fi\u00e1ine Loch Garman<\/title>\n<meta name=\"robots\" content=\"index, follow, max-snippet:-1, max-image-preview:large, max-video-preview:-1\" \/>\n<link rel=\"canonical\" href=\"https:\/\/www.wexfordwildfowlreserve.ie\/ga\/oideachas\/\" \/>\n<meta property=\"og:locale\" content=\"ga_IE\" \/>\n<meta property=\"og:type\" content=\"article\" \/>\n<meta property=\"og:title\" content=\"Oideachas - Anaclann \u00e9anlaithe fi\u00e1ine Loch Garman\" \/>\n<meta property=\"og:description\" content=\"T\u00e1 Roinn Oideachais Anaclann \u00e9anlaithe fi\u00e1ine Loch Garman ar cheann de sh\u00e9 Ionad Oideachais um Fhiadh\u00falra agus Ph\u00e1irc N\u00e1isi\u00fanta ar fud na t\u00edre (clice\u00e1il anseo chun eolas a fh\u00e1il ar Ionaid Oideachais eile). T\u00e1 gach ionad \u00e1 re\u00e1cht\u00e1il ag foireann Oideachais thiomanta, dh\u00edograiseach agus eolach. I measc na n-\u00e1iseanna ag Anaclann \u00e9anlaithe fi\u00e1ine Loch Garman...\" \/>\n<meta property=\"og:url\" content=\"https:\/\/www.wexfordwildfowlreserve.ie\/ga\/oideachas\/\" \/>\n<meta property=\"og:site_name\" content=\"Anaclann \u00e9anlaithe fi\u00e1ine Loch Garman\" \/>\n<meta property=\"article:modified_time\" content=\"2023-09-01T14:48:24+00:00\" \/>\n<meta property=\"og:image\" content=\"https:\/\/www.wexfordwildfowlreserve.ie\/wp-content\/uploads\/2017\/11\/education-header-pic.jpg\" \/>\n\t<meta property=\"og:image:width\" content=\"1024\" \/>\n\t<meta property=\"og:image:height\" content=\"284\" \/>\n\t<meta property=\"og:image:type\" content=\"image\/jpeg\" \/>\n<meta name=\"twitter:card\" content=\"summary_large_image\" \/>\n<meta name=\"twitter:label1\" content=\"Est. reading time\" \/>\n\t<meta name=\"twitter:data1\" content=\"1 minute\" \/>\n<script type=\"application\/ld+json\" class=\"yoast-schema-graph\">{\"@context\":\"https:\\\/\\\/schema.org\",\"@graph\":[{\"@type\":\"WebPage\",\"@id\":\"https:\\\/\\\/www.wexfordwildfowlreserve.ie\\\/ga\\\/oideachas\\\/\",\"url\":\"https:\\\/\\\/www.wexfordwildfowlreserve.ie\\\/ga\\\/oideachas\\\/\",\"name\":\"Oideachas - Anaclann \u00e9anlaithe fi\u00e1ine Loch Garman\",\"isPartOf\":{\"@id\":\"https:\\\/\\\/www.wexfordwildfowlreserve.ie\\\/ga\\\/#website\"},\"primaryImageOfPage\":{\"@id\":\"https:\\\/\\\/www.wexfordwildfowlreserve.ie\\\/ga\\\/oideachas\\\/#primaryimage\"},\"image\":{\"@id\":\"https:\\\/\\\/www.wexfordwildfowlreserve.ie\\\/ga\\\/oideachas\\\/#primaryimage\"},\"thumbnailUrl\":\"https:\\\/\\\/www.wexfordwildfowlreserve.ie\\\/wp-content\\\/uploads\\\/2017\\\/11\\\/education-header-pic.jpg\",\"datePublished\":\"2016-04-28T13:21:09+00:00\",\"dateModified\":\"2023-09-01T14:48:24+00:00\",\"breadcrumb\":{\"@id\":\"https:\\\/\\\/www.wexfordwildfowlreserve.ie\\\/ga\\\/oideachas\\\/#breadcrumb\"},\"inLanguage\":\"ga-IE\",\"potentialAction\":[{\"@type\":\"ReadAction\",\"target\":[\"https:\\\/\\\/www.wexfordwildfowlreserve.ie\\\/ga\\\/oideachas\\\/\"]}]},{\"@type\":\"ImageObject\",\"inLanguage\":\"ga-IE\",\"@id\":\"https:\\\/\\\/www.wexfordwildfowlreserve.ie\\\/ga\\\/oideachas\\\/#primaryimage\",\"url\":\"https:\\\/\\\/www.wexfordwildfowlreserve.ie\\\/wp-content\\\/uploads\\\/2017\\\/11\\\/education-header-pic.jpg\",\"contentUrl\":\"https:\\\/\\\/www.wexfordwildfowlreserve.ie\\\/wp-content\\\/uploads\\\/2017\\\/11\\\/education-header-pic.jpg\",\"width\":1024,\"height\":284},{\"@type\":\"BreadcrumbList\",\"@id\":\"https:\\\/\\\/www.wexfordwildfowlreserve.ie\\\/ga\\\/oideachas\\\/#breadcrumb\",\"itemListElement\":[{\"@type\":\"ListItem\",\"position\":1,\"name\":\"Home\",\"item\":\"https:\\\/\\\/www.wexfordwildfowlreserve.ie\\\/ga\\\/\"},{\"@type\":\"ListItem\",\"position\":2,\"name\":\"Oideachas\"}]},{\"@type\":\"WebSite\",\"@id\":\"https:\\\/\\\/www.wexfordwildfowlreserve.ie\\\/ga\\\/#website\",\"url\":\"https:\\\/\\\/www.wexfordwildfowlreserve.ie\\\/ga\\\/\",\"name\":\"Wexford Wildfowl Reserve\",\"description\":\"\",\"publisher\":{\"@id\":\"https:\\\/\\\/www.wexfordwildfowlreserve.ie\\\/ga\\\/#organization\"},\"potentialAction\":[{\"@type\":\"SearchAction\",\"target\":{\"@type\":\"EntryPoint\",\"urlTemplate\":\"https:\\\/\\\/www.wexfordwildfowlreserve.ie\\\/ga\\\/?s={search_term_string}\"},\"query-input\":{\"@type\":\"PropertyValueSpecification\",\"valueRequired\":true,\"valueName\":\"search_term_string\"}}],\"inLanguage\":\"ga-IE\"},{\"@type\":\"Organization\",\"@id\":\"https:\\\/\\\/www.wexfordwildfowlreserve.ie\\\/ga\\\/#organization\",\"name\":\"Wexford Wildfowl Reserve\",\"url\":\"https:\\\/\\\/www.wexfordwildfowlreserve.ie\\\/ga\\\/\",\"logo\":{\"@type\":\"ImageObject\",\"inLanguage\":\"ga-IE\",\"@id\":\"https:\\\/\\\/www.wexfordwildfowlreserve.ie\\\/ga\\\/#\\\/schema\\\/logo\\\/image\\\/\",\"url\":\"https:\\\/\\\/www.wexfordwildfowlreserve.ie\\\/wp-content\\\/uploads\\\/2018\\\/10\\\/WWP-sized.png\",\"contentUrl\":\"https:\\\/\\\/www.wexfordwildfowlreserve.ie\\\/wp-content\\\/uploads\\\/2018\\\/10\\\/WWP-sized.png\",\"width\":404,\"height\":100,\"caption\":\"Wexford Wildfowl Reserve\"},\"image\":{\"@id\":\"https:\\\/\\\/www.wexfordwildfowlreserve.ie\\\/ga\\\/#\\\/schema\\\/logo\\\/image\\\/\"}}]}<\/script>\n<!-- \/ Yoast SEO plugin. -->","yoast_head_json":{"title":"Oideachas - Anaclann \u00e9anlaithe fi\u00e1ine Loch Garman","robots":{"index":"index","follow":"follow","max-snippet":"max-snippet:-1","max-image-preview":"max-image-preview:large","max-video-preview":"max-video-preview:-1"},"canonical":"https:\/\/www.wexfordwildfowlreserve.ie\/ga\/oideachas\/","og_locale":"ga_IE","og_type":"article","og_title":"Oideachas - Anaclann \u00e9anlaithe fi\u00e1ine Loch Garman","og_description":"T\u00e1 Roinn Oideachais Anaclann \u00e9anlaithe fi\u00e1ine Loch Garman ar cheann de sh\u00e9 Ionad Oideachais um Fhiadh\u00falra agus Ph\u00e1irc N\u00e1isi\u00fanta ar fud na t\u00edre (clice\u00e1il anseo chun eolas a fh\u00e1il ar Ionaid Oideachais eile). T\u00e1 gach ionad \u00e1 re\u00e1cht\u00e1il ag foireann Oideachais thiomanta, dh\u00edograiseach agus eolach. I measc na n-\u00e1iseanna ag Anaclann \u00e9anlaithe fi\u00e1ine Loch Garman...","og_url":"https:\/\/www.wexfordwildfowlreserve.ie\/ga\/oideachas\/","og_site_name":"Anaclann \u00e9anlaithe fi\u00e1ine Loch Garman","article_modified_time":"2023-09-01T14:48:24+00:00","og_image":[{"width":1024,"height":284,"url":"https:\/\/www.wexfordwildfowlreserve.ie\/wp-content\/uploads\/2017\/11\/education-header-pic.jpg","type":"image\/jpeg"}],"twitter_card":"summary_large_image","twitter_misc":{"Est. reading time":"1 minute"},"schema":{"@context":"https:\/\/schema.org","@graph":[{"@type":"WebPage","@id":"https:\/\/www.wexfordwildfowlreserve.ie\/ga\/oideachas\/","url":"https:\/\/www.wexfordwildfowlreserve.ie\/ga\/oideachas\/","name":"Oideachas - Anaclann \u00e9anlaithe fi\u00e1ine Loch Garman","isPartOf":{"@id":"https:\/\/www.wexfordwildfowlreserve.ie\/ga\/#website"},"primaryImageOfPage":{"@id":"https:\/\/www.wexfordwildfowlreserve.ie\/ga\/oideachas\/#primaryimage"},"image":{"@id":"https:\/\/www.wexfordwildfowlreserve.ie\/ga\/oideachas\/#primaryimage"},"thumbnailUrl":"https:\/\/www.wexfordwildfowlreserve.ie\/wp-content\/uploads\/2017\/11\/education-header-pic.jpg","datePublished":"2016-04-28T13:21:09+00:00","dateModified":"2023-09-01T14:48:24+00:00","breadcrumb":{"@id":"https:\/\/www.wexfordwildfowlreserve.ie\/ga\/oideachas\/#breadcrumb"},"inLanguage":"ga-IE","potentialAction":[{"@type":"ReadAction","target":["https:\/\/www.wexfordwildfowlreserve.ie\/ga\/oideachas\/"]}]},{"@type":"ImageObject","inLanguage":"ga-IE","@id":"https:\/\/www.wexfordwildfowlreserve.ie\/ga\/oideachas\/#primaryimage","url":"https:\/\/www.wexfordwildfowlreserve.ie\/wp-content\/uploads\/2017\/11\/education-header-pic.jpg","contentUrl":"https:\/\/www.wexfordwildfowlreserve.ie\/wp-content\/uploads\/2017\/11\/education-header-pic.jpg","width":1024,"height":284},{"@type":"BreadcrumbList","@id":"https:\/\/www.wexfordwildfowlreserve.ie\/ga\/oideachas\/#breadcrumb","itemListElement":[{"@type":"ListItem","position":1,"name":"Home","item":"https:\/\/www.wexfordwildfowlreserve.ie\/ga\/"},{"@type":"ListItem","position":2,"name":"Oideachas"}]},{"@type":"WebSite","@id":"https:\/\/www.wexfordwildfowlreserve.ie\/ga\/#website","url":"https:\/\/www.wexfordwildfowlreserve.ie\/ga\/","name":"Wexford Wildfowl Reserve","description":"","publisher":{"@id":"https:\/\/www.wexfordwildfowlreserve.ie\/ga\/#organization"},"potentialAction":[{"@type":"SearchAction","target":{"@type":"EntryPoint","urlTemplate":"https:\/\/www.wexfordwildfowlreserve.ie\/ga\/?s={search_term_string}"},"query-input":{"@type":"PropertyValueSpecification","valueRequired":true,"valueName":"search_term_string"}}],"inLanguage":"ga-IE"},{"@type":"Organization","@id":"https:\/\/www.wexfordwildfowlreserve.ie\/ga\/#organization","name":"Wexford Wildfowl Reserve","url":"https:\/\/www.wexfordwildfowlreserve.ie\/ga\/","logo":{"@type":"ImageObject","inLanguage":"ga-IE","@id":"https:\/\/www.wexfordwildfowlreserve.ie\/ga\/#\/schema\/logo\/image\/","url":"https:\/\/www.wexfordwildfowlreserve.ie\/wp-content\/uploads\/2018\/10\/WWP-sized.png","contentUrl":"https:\/\/www.wexfordwildfowlreserve.ie\/wp-content\/uploads\/2018\/10\/WWP-sized.png","width":404,"height":100,"caption":"Wexford Wildfowl Reserve"},"image":{"@id":"https:\/\/www.wexfordwildfowlreserve.ie\/ga\/#\/schema\/logo\/image\/"}}]}},"jetpack_sharing_enabled":true,"_links":{"self":[{"href":"https:\/\/www.wexfordwildfowlreserve.ie\/ga\/wp-json\/wp\/v2\/pages\/1326","targetHints":{"allow":["GET"]}}],"collection":[{"href":"https:\/\/www.wexfordwildfowlreserve.ie\/ga\/wp-json\/wp\/v2\/pages"}],"about":[{"href":"https:\/\/www.wexfordwildfowlreserve.ie\/ga\/wp-json\/wp\/v2\/types\/page"}],"author":[{"embeddable":true,"href":"https:\/\/www.wexfordwildfowlreserve.ie\/ga\/wp-json\/wp\/v2\/users\/7"}],"replies":[{"embeddable":true,"href":"https:\/\/www.wexfordwildfowlreserve.ie\/ga\/wp-json\/wp\/v2\/comments?post=1326"}],"version-history":[{"count":1,"href":"https:\/\/www.wexfordwildfowlreserve.ie\/ga\/wp-json\/wp\/v2\/pages\/1326\/revisions"}],"predecessor-version":[{"id":1516,"href":"https:\/\/www.wexfordwildfowlreserve.ie\/ga\/wp-json\/wp\/v2\/pages\/1326\/revisions\/1516"}],"wp:featuredmedia":[{"embeddable":true,"href":"https:\/\/www.wexfordwildfowlreserve.ie\/ga\/wp-json\/wp\/v2\/media\/1139"}],"wp:attachment":[{"href":"https:\/\/www.wexfordwildfowlreserve.ie\/ga\/wp-json\/wp\/v2\/media?parent=1326"}],"curies":[{"name":"wp","href":"https:\/\/api.w.org\/{rel}","templated":true}]}}