{"id":1324,"date":"2020-06-30T09:48:14","date_gmt":"2020-06-30T09:48:14","guid":{"rendered":"https:\/\/www.wexfordwildfowlreserve.ie\/gniomhaiochtai\/feileacain\/"},"modified":"2020-06-30T09:48:14","modified_gmt":"2020-06-30T09:48:14","slug":"feileacain","status":"publish","type":"page","link":"https:\/\/www.wexfordwildfowlreserve.ie\/ga\/gniomhaiochtai\/feileacain\/","title":{"rendered":"F\u00e9ileac\u00e1in"},"content":{"rendered":"<p><a href=\"https:\/\/www.tryinteract.com\/share\/quiz\/5ef0afe59fde340014b54db3\" target=\"_blank\" rel=\"noopener noreferrer\"><img loading=\"lazy\" decoding=\"async\" class=\"alignnone wp-image-618 size-full\" src=\"https:\/\/www.wexfordwildfowlreserve.ie\/wp-content\/uploads\/2020\/06\/Screen-Shot-2020-06-30-at-11.30.08.png\" alt=\"Tr\u00e1th na gCeist ar Fh\u00e9ileac\u00e1in\" width=\"1039\" height=\"606\" srcset=\"https:\/\/www.wexfordwildfowlreserve.ie\/wp-content\/uploads\/2020\/06\/Screen-Shot-2020-06-30-at-11.30.08.png 1039w, https:\/\/www.wexfordwildfowlreserve.ie\/wp-content\/uploads\/2020\/06\/Screen-Shot-2020-06-30-at-11.30.08-300x175.png 300w, https:\/\/www.wexfordwildfowlreserve.ie\/wp-content\/uploads\/2020\/06\/Screen-Shot-2020-06-30-at-11.30.08-1024x597.png 1024w, https:\/\/www.wexfordwildfowlreserve.ie\/wp-content\/uploads\/2020\/06\/Screen-Shot-2020-06-30-at-11.30.08-768x448.png 768w\" sizes=\"auto, (max-width: 1039px) 100vw, 1039px\" \/><\/a><\/p>\n","protected":false},"excerpt":{"rendered":"","protected":false},"author":7,"featured_media":0,"parent":1314,"menu_order":0,"comment_status":"closed","ping_status":"closed","template":"full-width.php","meta":{"cybocfi_hide_featured_image":"","footnotes":""},"class_list":["post-1324","page","type-page","status-publish","hentry"],"yoast_head":"<!-- This site is optimized with the Yoast SEO plugin v27.3 - https:\/\/yoast.com\/product\/yoast-seo-wordpress\/ -->\n<title>F\u00e9ileac\u00e1in - Anaclann \u00e9anlaithe fi\u00e1ine Loch Garman<\/title>\n<meta name=\"robots\" content=\"index, follow, max-snippet:-1, max-image-preview:large, max-video-preview:-1\" \/>\n<link rel=\"canonical\" href=\"https:\/\/www.wexfordwildfowlreserve.ie\/ga\/gniomhaiochtai\/feileacain\/\" \/>\n<meta property=\"og:locale\" content=\"ga_IE\" \/>\n<meta property=\"og:type\" content=\"article\" \/>\n<meta property=\"og:title\" content=\"F\u00e9ileac\u00e1in - Anaclann \u00e9anlaithe fi\u00e1ine Loch Garman\" \/>\n<meta property=\"og:url\" content=\"https:\/\/www.wexfordwildfowlreserve.ie\/ga\/gniomhaiochtai\/feileacain\/\" \/>\n<meta property=\"og:site_name\" content=\"Anaclann \u00e9anlaithe fi\u00e1ine Loch Garman\" \/>\n<meta property=\"og:image\" content=\"https:\/\/www.wexfordwildfowlreserve.ie\/wp-content\/uploads\/2020\/06\/Screen-Shot-2020-06-30-at-11.30.08.png\" \/>\n<meta name=\"twitter:card\" content=\"summary_large_image\" \/>\n<script type=\"application\/ld+json\" class=\"yoast-schema-graph\">{\"@context\":\"https:\\\/\\\/schema.org\",\"@graph\":[{\"@type\":\"WebPage\",\"@id\":\"https:\\\/\\\/www.wexfordwildfowlreserve.ie\\\/ga\\\/gniomhaiochtai\\\/feileacain\\\/\",\"url\":\"https:\\\/\\\/www.wexfordwildfowlreserve.ie\\\/ga\\\/gniomhaiochtai\\\/feileacain\\\/\",\"name\":\"F\u00e9ileac\u00e1in - Anaclann \u00e9anlaithe fi\u00e1ine Loch Garman\",\"isPartOf\":{\"@id\":\"https:\\\/\\\/www.wexfordwildfowlreserve.ie\\\/ga\\\/#website\"},\"primaryImageOfPage\":{\"@id\":\"https:\\\/\\\/www.wexfordwildfowlreserve.ie\\\/ga\\\/gniomhaiochtai\\\/feileacain\\\/#primaryimage\"},\"image\":{\"@id\":\"https:\\\/\\\/www.wexfordwildfowlreserve.ie\\\/ga\\\/gniomhaiochtai\\\/feileacain\\\/#primaryimage\"},\"thumbnailUrl\":\"https:\\\/\\\/www.wexfordwildfowlreserve.ie\\\/wp-content\\\/uploads\\\/2020\\\/06\\\/Screen-Shot-2020-06-30-at-11.30.08.png\",\"datePublished\":\"2020-06-30T09:48:14+00:00\",\"breadcrumb\":{\"@id\":\"https:\\\/\\\/www.wexfordwildfowlreserve.ie\\\/ga\\\/gniomhaiochtai\\\/feileacain\\\/#breadcrumb\"},\"inLanguage\":\"ga-IE\",\"potentialAction\":[{\"@type\":\"ReadAction\",\"target\":[\"https:\\\/\\\/www.wexfordwildfowlreserve.ie\\\/ga\\\/gniomhaiochtai\\\/feileacain\\\/\"]}]},{\"@type\":\"ImageObject\",\"inLanguage\":\"ga-IE\",\"@id\":\"https:\\\/\\\/www.wexfordwildfowlreserve.ie\\\/ga\\\/gniomhaiochtai\\\/feileacain\\\/#primaryimage\",\"url\":\"https:\\\/\\\/www.wexfordwildfowlreserve.ie\\\/wp-content\\\/uploads\\\/2020\\\/06\\\/Screen-Shot-2020-06-30-at-11.30.08.png\",\"contentUrl\":\"https:\\\/\\\/www.wexfordwildfowlreserve.ie\\\/wp-content\\\/uploads\\\/2020\\\/06\\\/Screen-Shot-2020-06-30-at-11.30.08.png\"},{\"@type\":\"BreadcrumbList\",\"@id\":\"https:\\\/\\\/www.wexfordwildfowlreserve.ie\\\/ga\\\/gniomhaiochtai\\\/feileacain\\\/#breadcrumb\",\"itemListElement\":[{\"@type\":\"ListItem\",\"position\":1,\"name\":\"Home\",\"item\":\"https:\\\/\\\/www.wexfordwildfowlreserve.ie\\\/ga\\\/\"},{\"@type\":\"ListItem\",\"position\":2,\"name\":\"Gn\u00edomha\u00edochta\u00ed\",\"item\":\"https:\\\/\\\/www.wexfordwildfowlreserve.ie\\\/ga\\\/gniomhaiochtai\\\/\"},{\"@type\":\"ListItem\",\"position\":3,\"name\":\"F\u00e9ileac\u00e1in\"}]},{\"@type\":\"WebSite\",\"@id\":\"https:\\\/\\\/www.wexfordwildfowlreserve.ie\\\/ga\\\/#website\",\"url\":\"https:\\\/\\\/www.wexfordwildfowlreserve.ie\\\/ga\\\/\",\"name\":\"Wexford Wildfowl Reserve\",\"description\":\"\",\"publisher\":{\"@id\":\"https:\\\/\\\/www.wexfordwildfowlreserve.ie\\\/ga\\\/#organization\"},\"potentialAction\":[{\"@type\":\"SearchAction\",\"target\":{\"@type\":\"EntryPoint\",\"urlTemplate\":\"https:\\\/\\\/www.wexfordwildfowlreserve.ie\\\/ga\\\/?s={search_term_string}\"},\"query-input\":{\"@type\":\"PropertyValueSpecification\",\"valueRequired\":true,\"valueName\":\"search_term_string\"}}],\"inLanguage\":\"ga-IE\"},{\"@type\":\"Organization\",\"@id\":\"https:\\\/\\\/www.wexfordwildfowlreserve.ie\\\/ga\\\/#organization\",\"name\":\"Wexford Wildfowl Reserve\",\"url\":\"https:\\\/\\\/www.wexfordwildfowlreserve.ie\\\/ga\\\/\",\"logo\":{\"@type\":\"ImageObject\",\"inLanguage\":\"ga-IE\",\"@id\":\"https:\\\/\\\/www.wexfordwildfowlreserve.ie\\\/ga\\\/#\\\/schema\\\/logo\\\/image\\\/\",\"url\":\"https:\\\/\\\/www.wexfordwildfowlreserve.ie\\\/wp-content\\\/uploads\\\/2018\\\/10\\\/WWP-sized.png\",\"contentUrl\":\"https:\\\/\\\/www.wexfordwildfowlreserve.ie\\\/wp-content\\\/uploads\\\/2018\\\/10\\\/WWP-sized.png\",\"width\":404,\"height\":100,\"caption\":\"Wexford Wildfowl Reserve\"},\"image\":{\"@id\":\"https:\\\/\\\/www.wexfordwildfowlreserve.ie\\\/ga\\\/#\\\/schema\\\/logo\\\/image\\\/\"}}]}<\/script>\n<!-- \/ Yoast SEO plugin. -->","yoast_head_json":{"title":"F\u00e9ileac\u00e1in - Anaclann \u00e9anlaithe fi\u00e1ine Loch Garman","robots":{"index":"index","follow":"follow","max-snippet":"max-snippet:-1","max-image-preview":"max-image-preview:large","max-video-preview":"max-video-preview:-1"},"canonical":"https:\/\/www.wexfordwildfowlreserve.ie\/ga\/gniomhaiochtai\/feileacain\/","og_locale":"ga_IE","og_type":"article","og_title":"F\u00e9ileac\u00e1in - Anaclann \u00e9anlaithe fi\u00e1ine Loch Garman","og_url":"https:\/\/www.wexfordwildfowlreserve.ie\/ga\/gniomhaiochtai\/feileacain\/","og_site_name":"Anaclann \u00e9anlaithe fi\u00e1ine Loch Garman","og_image":[{"url":"https:\/\/www.wexfordwildfowlreserve.ie\/wp-content\/uploads\/2020\/06\/Screen-Shot-2020-06-30-at-11.30.08.png","type":"","width":"","height":""}],"twitter_card":"summary_large_image","schema":{"@context":"https:\/\/schema.org","@graph":[{"@type":"WebPage","@id":"https:\/\/www.wexfordwildfowlreserve.ie\/ga\/gniomhaiochtai\/feileacain\/","url":"https:\/\/www.wexfordwildfowlreserve.ie\/ga\/gniomhaiochtai\/feileacain\/","name":"F\u00e9ileac\u00e1in - Anaclann \u00e9anlaithe fi\u00e1ine Loch Garman","isPartOf":{"@id":"https:\/\/www.wexfordwildfowlreserve.ie\/ga\/#website"},"primaryImageOfPage":{"@id":"https:\/\/www.wexfordwildfowlreserve.ie\/ga\/gniomhaiochtai\/feileacain\/#primaryimage"},"image":{"@id":"https:\/\/www.wexfordwildfowlreserve.ie\/ga\/gniomhaiochtai\/feileacain\/#primaryimage"},"thumbnailUrl":"https:\/\/www.wexfordwildfowlreserve.ie\/wp-content\/uploads\/2020\/06\/Screen-Shot-2020-06-30-at-11.30.08.png","datePublished":"2020-06-30T09:48:14+00:00","breadcrumb":{"@id":"https:\/\/www.wexfordwildfowlreserve.ie\/ga\/gniomhaiochtai\/feileacain\/#breadcrumb"},"inLanguage":"ga-IE","potentialAction":[{"@type":"ReadAction","target":["https:\/\/www.wexfordwildfowlreserve.ie\/ga\/gniomhaiochtai\/feileacain\/"]}]},{"@type":"ImageObject","inLanguage":"ga-IE","@id":"https:\/\/www.wexfordwildfowlreserve.ie\/ga\/gniomhaiochtai\/feileacain\/#primaryimage","url":"https:\/\/www.wexfordwildfowlreserve.ie\/wp-content\/uploads\/2020\/06\/Screen-Shot-2020-06-30-at-11.30.08.png","contentUrl":"https:\/\/www.wexfordwildfowlreserve.ie\/wp-content\/uploads\/2020\/06\/Screen-Shot-2020-06-30-at-11.30.08.png"},{"@type":"BreadcrumbList","@id":"https:\/\/www.wexfordwildfowlreserve.ie\/ga\/gniomhaiochtai\/feileacain\/#breadcrumb","itemListElement":[{"@type":"ListItem","position":1,"name":"Home","item":"https:\/\/www.wexfordwildfowlreserve.ie\/ga\/"},{"@type":"ListItem","position":2,"name":"Gn\u00edomha\u00edochta\u00ed","item":"https:\/\/www.wexfordwildfowlreserve.ie\/ga\/gniomhaiochtai\/"},{"@type":"ListItem","position":3,"name":"F\u00e9ileac\u00e1in"}]},{"@type":"WebSite","@id":"https:\/\/www.wexfordwildfowlreserve.ie\/ga\/#website","url":"https:\/\/www.wexfordwildfowlreserve.ie\/ga\/","name":"Wexford Wildfowl Reserve","description":"","publisher":{"@id":"https:\/\/www.wexfordwildfowlreserve.ie\/ga\/#organization"},"potentialAction":[{"@type":"SearchAction","target":{"@type":"EntryPoint","urlTemplate":"https:\/\/www.wexfordwildfowlreserve.ie\/ga\/?s={search_term_string}"},"query-input":{"@type":"PropertyValueSpecification","valueRequired":true,"valueName":"search_term_string"}}],"inLanguage":"ga-IE"},{"@type":"Organization","@id":"https:\/\/www.wexfordwildfowlreserve.ie\/ga\/#organization","name":"Wexford Wildfowl Reserve","url":"https:\/\/www.wexfordwildfowlreserve.ie\/ga\/","logo":{"@type":"ImageObject","inLanguage":"ga-IE","@id":"https:\/\/www.wexfordwildfowlreserve.ie\/ga\/#\/schema\/logo\/image\/","url":"https:\/\/www.wexfordwildfowlreserve.ie\/wp-content\/uploads\/2018\/10\/WWP-sized.png","contentUrl":"https:\/\/www.wexfordwildfowlreserve.ie\/wp-content\/uploads\/2018\/10\/WWP-sized.png","width":404,"height":100,"caption":"Wexford Wildfowl Reserve"},"image":{"@id":"https:\/\/www.wexfordwildfowlreserve.ie\/ga\/#\/schema\/logo\/image\/"}}]}},"jetpack_sharing_enabled":true,"_links":{"self":[{"href":"https:\/\/www.wexfordwildfowlreserve.ie\/ga\/wp-json\/wp\/v2\/pages\/1324","targetHints":{"allow":["GET"]}}],"collection":[{"href":"https:\/\/www.wexfordwildfowlreserve.ie\/ga\/wp-json\/wp\/v2\/pages"}],"about":[{"href":"https:\/\/www.wexfordwildfowlreserve.ie\/ga\/wp-json\/wp\/v2\/types\/page"}],"author":[{"embeddable":true,"href":"https:\/\/www.wexfordwildfowlreserve.ie\/ga\/wp-json\/wp\/v2\/users\/7"}],"replies":[{"embeddable":true,"href":"https:\/\/www.wexfordwildfowlreserve.ie\/ga\/wp-json\/wp\/v2\/comments?post=1324"}],"version-history":[{"count":0,"href":"https:\/\/www.wexfordwildfowlreserve.ie\/ga\/wp-json\/wp\/v2\/pages\/1324\/revisions"}],"up":[{"embeddable":true,"href":"https:\/\/www.wexfordwildfowlreserve.ie\/ga\/wp-json\/wp\/v2\/pages\/1314"}],"wp:attachment":[{"href":"https:\/\/www.wexfordwildfowlreserve.ie\/ga\/wp-json\/wp\/v2\/media?parent=1324"}],"curies":[{"name":"wp","href":"https:\/\/api.w.org\/{rel}","templated":true}]}}