{"id":1320,"date":"2020-10-29T10:45:03","date_gmt":"2020-10-29T10:45:03","guid":{"rendered":"https:\/\/www.wexfordwildfowlreserve.ie\/gniomhaiochtai\/cuardach-focal-oiche-shamhna\/"},"modified":"2023-09-01T14:50:38","modified_gmt":"2023-09-01T14:50:38","slug":"cuardach-focal-oiche-shamhna","status":"publish","type":"page","link":"https:\/\/www.wexfordwildfowlreserve.ie\/ga\/gniomhaiochtai\/cuardach-focal-oiche-shamhna\/","title":{"rendered":"Cuardach Focal O\u00edche Shamhna"},"content":{"rendered":"<p style=\"font-size: 1.5em; color: #008080; font-weight: 600\">Clice\u00e1il ar an \u00edomh\u00e1 chun pdf a oscailt le priont\u00e1il n\u00f3 le h\u00edosl\u00f3d\u00e1il.<\/p>\n<p><a href=\"https:\/\/www.wexfordwildfowlreserve.ie\/wp-content\/uploads\/2020\/10\/halloween-wordsearch.pdf\" target=\"_blank\" rel=\"noopener noreferrer\"><img loading=\"lazy\" decoding=\"async\" class=\"aligncenter wp-image-745\" style=\"border: 3px solid #81d742;\" src=\"https:\/\/www.wexfordwildfowlreserve.ie\/wp-content\/uploads\/2020\/10\/Screen-Shot-2020-10-29-at-10.32.13-223x300.png\" alt=\"Cuardach Focal O\u00edche Shamhna\" width=\"372\" height=\"500\" srcset=\"https:\/\/www.wexfordwildfowlreserve.ie\/wp-content\/uploads\/2020\/10\/Screen-Shot-2020-10-29-at-10.32.13-223x300.png 223w, https:\/\/www.wexfordwildfowlreserve.ie\/wp-content\/uploads\/2020\/10\/Screen-Shot-2020-10-29-at-10.32.13.png 609w\" sizes=\"auto, (max-width: 372px) 100vw, 372px\" \/><\/a><\/p>\n","protected":false},"excerpt":{"rendered":"<p>Clice\u00e1il ar an \u00edomh\u00e1 chun pdf a oscailt le priont\u00e1il n\u00f3 le h\u00edosl\u00f3d\u00e1il.<\/p>\n","protected":false},"author":7,"featured_media":0,"parent":1314,"menu_order":0,"comment_status":"closed","ping_status":"closed","template":"full-width.php","meta":{"cybocfi_hide_featured_image":"","footnotes":""},"class_list":["post-1320","page","type-page","status-publish","hentry"],"yoast_head":"<!-- This site is optimized with the Yoast SEO plugin v27.3 - https:\/\/yoast.com\/product\/yoast-seo-wordpress\/ -->\n<title>Cuardach Focal O\u00edche Shamhna - Anaclann \u00e9anlaithe fi\u00e1ine Loch Garman<\/title>\n<meta name=\"robots\" content=\"index, follow, max-snippet:-1, max-image-preview:large, max-video-preview:-1\" \/>\n<link rel=\"canonical\" href=\"https:\/\/www.wexfordwildfowlreserve.ie\/ga\/gniomhaiochtai\/cuardach-focal-oiche-shamhna\/\" \/>\n<meta property=\"og:locale\" content=\"ga_IE\" \/>\n<meta property=\"og:type\" content=\"article\" \/>\n<meta property=\"og:title\" content=\"Cuardach Focal O\u00edche Shamhna - Anaclann \u00e9anlaithe fi\u00e1ine Loch Garman\" \/>\n<meta property=\"og:description\" content=\"Clice\u00e1il ar an \u00edomh\u00e1 chun pdf a oscailt le priont\u00e1il n\u00f3 le h\u00edosl\u00f3d\u00e1il.\" \/>\n<meta property=\"og:url\" content=\"https:\/\/www.wexfordwildfowlreserve.ie\/ga\/gniomhaiochtai\/cuardach-focal-oiche-shamhna\/\" \/>\n<meta property=\"og:site_name\" content=\"Anaclann \u00e9anlaithe fi\u00e1ine Loch Garman\" \/>\n<meta property=\"article:modified_time\" content=\"2023-09-01T14:50:38+00:00\" \/>\n<meta property=\"og:image\" content=\"https:\/\/www.wexfordwildfowlreserve.ie\/wp-content\/uploads\/2020\/10\/Screen-Shot-2020-10-29-at-10.32.13-223x300.png\" \/>\n<meta name=\"twitter:card\" content=\"summary_large_image\" \/>\n<script type=\"application\/ld+json\" class=\"yoast-schema-graph\">{\"@context\":\"https:\\\/\\\/schema.org\",\"@graph\":[{\"@type\":\"WebPage\",\"@id\":\"https:\\\/\\\/www.wexfordwildfowlreserve.ie\\\/ga\\\/gniomhaiochtai\\\/cuardach-focal-oiche-shamhna\\\/\",\"url\":\"https:\\\/\\\/www.wexfordwildfowlreserve.ie\\\/ga\\\/gniomhaiochtai\\\/cuardach-focal-oiche-shamhna\\\/\",\"name\":\"Cuardach Focal O\u00edche Shamhna - Anaclann \u00e9anlaithe fi\u00e1ine Loch Garman\",\"isPartOf\":{\"@id\":\"https:\\\/\\\/www.wexfordwildfowlreserve.ie\\\/ga\\\/#website\"},\"primaryImageOfPage\":{\"@id\":\"https:\\\/\\\/www.wexfordwildfowlreserve.ie\\\/ga\\\/gniomhaiochtai\\\/cuardach-focal-oiche-shamhna\\\/#primaryimage\"},\"image\":{\"@id\":\"https:\\\/\\\/www.wexfordwildfowlreserve.ie\\\/ga\\\/gniomhaiochtai\\\/cuardach-focal-oiche-shamhna\\\/#primaryimage\"},\"thumbnailUrl\":\"https:\\\/\\\/www.wexfordwildfowlreserve.ie\\\/wp-content\\\/uploads\\\/2020\\\/10\\\/Screen-Shot-2020-10-29-at-10.32.13-223x300.png\",\"datePublished\":\"2020-10-29T10:45:03+00:00\",\"dateModified\":\"2023-09-01T14:50:38+00:00\",\"breadcrumb\":{\"@id\":\"https:\\\/\\\/www.wexfordwildfowlreserve.ie\\\/ga\\\/gniomhaiochtai\\\/cuardach-focal-oiche-shamhna\\\/#breadcrumb\"},\"inLanguage\":\"ga-IE\",\"potentialAction\":[{\"@type\":\"ReadAction\",\"target\":[\"https:\\\/\\\/www.wexfordwildfowlreserve.ie\\\/ga\\\/gniomhaiochtai\\\/cuardach-focal-oiche-shamhna\\\/\"]}]},{\"@type\":\"ImageObject\",\"inLanguage\":\"ga-IE\",\"@id\":\"https:\\\/\\\/www.wexfordwildfowlreserve.ie\\\/ga\\\/gniomhaiochtai\\\/cuardach-focal-oiche-shamhna\\\/#primaryimage\",\"url\":\"https:\\\/\\\/www.wexfordwildfowlreserve.ie\\\/wp-content\\\/uploads\\\/2020\\\/10\\\/Screen-Shot-2020-10-29-at-10.32.13-223x300.png\",\"contentUrl\":\"https:\\\/\\\/www.wexfordwildfowlreserve.ie\\\/wp-content\\\/uploads\\\/2020\\\/10\\\/Screen-Shot-2020-10-29-at-10.32.13-223x300.png\"},{\"@type\":\"BreadcrumbList\",\"@id\":\"https:\\\/\\\/www.wexfordwildfowlreserve.ie\\\/ga\\\/gniomhaiochtai\\\/cuardach-focal-oiche-shamhna\\\/#breadcrumb\",\"itemListElement\":[{\"@type\":\"ListItem\",\"position\":1,\"name\":\"Home\",\"item\":\"https:\\\/\\\/www.wexfordwildfowlreserve.ie\\\/ga\\\/\"},{\"@type\":\"ListItem\",\"position\":2,\"name\":\"Gn\u00edomha\u00edochta\u00ed\",\"item\":\"https:\\\/\\\/www.wexfordwildfowlreserve.ie\\\/ga\\\/gniomhaiochtai\\\/\"},{\"@type\":\"ListItem\",\"position\":3,\"name\":\"Cuardach Focal O\u00edche Shamhna\"}]},{\"@type\":\"WebSite\",\"@id\":\"https:\\\/\\\/www.wexfordwildfowlreserve.ie\\\/ga\\\/#website\",\"url\":\"https:\\\/\\\/www.wexfordwildfowlreserve.ie\\\/ga\\\/\",\"name\":\"Wexford Wildfowl Reserve\",\"description\":\"\",\"publisher\":{\"@id\":\"https:\\\/\\\/www.wexfordwildfowlreserve.ie\\\/ga\\\/#organization\"},\"potentialAction\":[{\"@type\":\"SearchAction\",\"target\":{\"@type\":\"EntryPoint\",\"urlTemplate\":\"https:\\\/\\\/www.wexfordwildfowlreserve.ie\\\/ga\\\/?s={search_term_string}\"},\"query-input\":{\"@type\":\"PropertyValueSpecification\",\"valueRequired\":true,\"valueName\":\"search_term_string\"}}],\"inLanguage\":\"ga-IE\"},{\"@type\":\"Organization\",\"@id\":\"https:\\\/\\\/www.wexfordwildfowlreserve.ie\\\/ga\\\/#organization\",\"name\":\"Wexford Wildfowl Reserve\",\"url\":\"https:\\\/\\\/www.wexfordwildfowlreserve.ie\\\/ga\\\/\",\"logo\":{\"@type\":\"ImageObject\",\"inLanguage\":\"ga-IE\",\"@id\":\"https:\\\/\\\/www.wexfordwildfowlreserve.ie\\\/ga\\\/#\\\/schema\\\/logo\\\/image\\\/\",\"url\":\"https:\\\/\\\/www.wexfordwildfowlreserve.ie\\\/wp-content\\\/uploads\\\/2018\\\/10\\\/WWP-sized.png\",\"contentUrl\":\"https:\\\/\\\/www.wexfordwildfowlreserve.ie\\\/wp-content\\\/uploads\\\/2018\\\/10\\\/WWP-sized.png\",\"width\":404,\"height\":100,\"caption\":\"Wexford Wildfowl Reserve\"},\"image\":{\"@id\":\"https:\\\/\\\/www.wexfordwildfowlreserve.ie\\\/ga\\\/#\\\/schema\\\/logo\\\/image\\\/\"}}]}<\/script>\n<!-- \/ Yoast SEO plugin. -->","yoast_head_json":{"title":"Cuardach Focal O\u00edche Shamhna - Anaclann \u00e9anlaithe fi\u00e1ine Loch Garman","robots":{"index":"index","follow":"follow","max-snippet":"max-snippet:-1","max-image-preview":"max-image-preview:large","max-video-preview":"max-video-preview:-1"},"canonical":"https:\/\/www.wexfordwildfowlreserve.ie\/ga\/gniomhaiochtai\/cuardach-focal-oiche-shamhna\/","og_locale":"ga_IE","og_type":"article","og_title":"Cuardach Focal O\u00edche Shamhna - Anaclann \u00e9anlaithe fi\u00e1ine Loch Garman","og_description":"Clice\u00e1il ar an \u00edomh\u00e1 chun pdf a oscailt le priont\u00e1il n\u00f3 le h\u00edosl\u00f3d\u00e1il.","og_url":"https:\/\/www.wexfordwildfowlreserve.ie\/ga\/gniomhaiochtai\/cuardach-focal-oiche-shamhna\/","og_site_name":"Anaclann \u00e9anlaithe fi\u00e1ine Loch Garman","article_modified_time":"2023-09-01T14:50:38+00:00","og_image":[{"url":"https:\/\/www.wexfordwildfowlreserve.ie\/wp-content\/uploads\/2020\/10\/Screen-Shot-2020-10-29-at-10.32.13-223x300.png","type":"","width":"","height":""}],"twitter_card":"summary_large_image","schema":{"@context":"https:\/\/schema.org","@graph":[{"@type":"WebPage","@id":"https:\/\/www.wexfordwildfowlreserve.ie\/ga\/gniomhaiochtai\/cuardach-focal-oiche-shamhna\/","url":"https:\/\/www.wexfordwildfowlreserve.ie\/ga\/gniomhaiochtai\/cuardach-focal-oiche-shamhna\/","name":"Cuardach Focal O\u00edche Shamhna - Anaclann \u00e9anlaithe fi\u00e1ine Loch Garman","isPartOf":{"@id":"https:\/\/www.wexfordwildfowlreserve.ie\/ga\/#website"},"primaryImageOfPage":{"@id":"https:\/\/www.wexfordwildfowlreserve.ie\/ga\/gniomhaiochtai\/cuardach-focal-oiche-shamhna\/#primaryimage"},"image":{"@id":"https:\/\/www.wexfordwildfowlreserve.ie\/ga\/gniomhaiochtai\/cuardach-focal-oiche-shamhna\/#primaryimage"},"thumbnailUrl":"https:\/\/www.wexfordwildfowlreserve.ie\/wp-content\/uploads\/2020\/10\/Screen-Shot-2020-10-29-at-10.32.13-223x300.png","datePublished":"2020-10-29T10:45:03+00:00","dateModified":"2023-09-01T14:50:38+00:00","breadcrumb":{"@id":"https:\/\/www.wexfordwildfowlreserve.ie\/ga\/gniomhaiochtai\/cuardach-focal-oiche-shamhna\/#breadcrumb"},"inLanguage":"ga-IE","potentialAction":[{"@type":"ReadAction","target":["https:\/\/www.wexfordwildfowlreserve.ie\/ga\/gniomhaiochtai\/cuardach-focal-oiche-shamhna\/"]}]},{"@type":"ImageObject","inLanguage":"ga-IE","@id":"https:\/\/www.wexfordwildfowlreserve.ie\/ga\/gniomhaiochtai\/cuardach-focal-oiche-shamhna\/#primaryimage","url":"https:\/\/www.wexfordwildfowlreserve.ie\/wp-content\/uploads\/2020\/10\/Screen-Shot-2020-10-29-at-10.32.13-223x300.png","contentUrl":"https:\/\/www.wexfordwildfowlreserve.ie\/wp-content\/uploads\/2020\/10\/Screen-Shot-2020-10-29-at-10.32.13-223x300.png"},{"@type":"BreadcrumbList","@id":"https:\/\/www.wexfordwildfowlreserve.ie\/ga\/gniomhaiochtai\/cuardach-focal-oiche-shamhna\/#breadcrumb","itemListElement":[{"@type":"ListItem","position":1,"name":"Home","item":"https:\/\/www.wexfordwildfowlreserve.ie\/ga\/"},{"@type":"ListItem","position":2,"name":"Gn\u00edomha\u00edochta\u00ed","item":"https:\/\/www.wexfordwildfowlreserve.ie\/ga\/gniomhaiochtai\/"},{"@type":"ListItem","position":3,"name":"Cuardach Focal O\u00edche Shamhna"}]},{"@type":"WebSite","@id":"https:\/\/www.wexfordwildfowlreserve.ie\/ga\/#website","url":"https:\/\/www.wexfordwildfowlreserve.ie\/ga\/","name":"Wexford Wildfowl Reserve","description":"","publisher":{"@id":"https:\/\/www.wexfordwildfowlreserve.ie\/ga\/#organization"},"potentialAction":[{"@type":"SearchAction","target":{"@type":"EntryPoint","urlTemplate":"https:\/\/www.wexfordwildfowlreserve.ie\/ga\/?s={search_term_string}"},"query-input":{"@type":"PropertyValueSpecification","valueRequired":true,"valueName":"search_term_string"}}],"inLanguage":"ga-IE"},{"@type":"Organization","@id":"https:\/\/www.wexfordwildfowlreserve.ie\/ga\/#organization","name":"Wexford Wildfowl Reserve","url":"https:\/\/www.wexfordwildfowlreserve.ie\/ga\/","logo":{"@type":"ImageObject","inLanguage":"ga-IE","@id":"https:\/\/www.wexfordwildfowlreserve.ie\/ga\/#\/schema\/logo\/image\/","url":"https:\/\/www.wexfordwildfowlreserve.ie\/wp-content\/uploads\/2018\/10\/WWP-sized.png","contentUrl":"https:\/\/www.wexfordwildfowlreserve.ie\/wp-content\/uploads\/2018\/10\/WWP-sized.png","width":404,"height":100,"caption":"Wexford Wildfowl Reserve"},"image":{"@id":"https:\/\/www.wexfordwildfowlreserve.ie\/ga\/#\/schema\/logo\/image\/"}}]}},"jetpack_sharing_enabled":true,"_links":{"self":[{"href":"https:\/\/www.wexfordwildfowlreserve.ie\/ga\/wp-json\/wp\/v2\/pages\/1320","targetHints":{"allow":["GET"]}}],"collection":[{"href":"https:\/\/www.wexfordwildfowlreserve.ie\/ga\/wp-json\/wp\/v2\/pages"}],"about":[{"href":"https:\/\/www.wexfordwildfowlreserve.ie\/ga\/wp-json\/wp\/v2\/types\/page"}],"author":[{"embeddable":true,"href":"https:\/\/www.wexfordwildfowlreserve.ie\/ga\/wp-json\/wp\/v2\/users\/7"}],"replies":[{"embeddable":true,"href":"https:\/\/www.wexfordwildfowlreserve.ie\/ga\/wp-json\/wp\/v2\/comments?post=1320"}],"version-history":[{"count":1,"href":"https:\/\/www.wexfordwildfowlreserve.ie\/ga\/wp-json\/wp\/v2\/pages\/1320\/revisions"}],"predecessor-version":[{"id":1521,"href":"https:\/\/www.wexfordwildfowlreserve.ie\/ga\/wp-json\/wp\/v2\/pages\/1320\/revisions\/1521"}],"up":[{"embeddable":true,"href":"https:\/\/www.wexfordwildfowlreserve.ie\/ga\/wp-json\/wp\/v2\/pages\/1314"}],"wp:attachment":[{"href":"https:\/\/www.wexfordwildfowlreserve.ie\/ga\/wp-json\/wp\/v2\/media?parent=1320"}],"curies":[{"name":"wp","href":"https:\/\/api.w.org\/{rel}","templated":true}]}}