{"id":1316,"date":"2021-06-23T07:54:18","date_gmt":"2021-06-23T07:54:18","guid":{"rendered":"https:\/\/www.wexfordwildfowlreserve.ie\/gniomhaiochtai\/bileog-gniomhaiochta-shamhradh-2021\/"},"modified":"2021-06-23T07:54:18","modified_gmt":"2021-06-23T07:54:18","slug":"bileog-gniomhaiochta-shamhradh-2021","status":"publish","type":"page","link":"https:\/\/www.wexfordwildfowlreserve.ie\/ga\/gniomhaiochtai\/bileog-gniomhaiochta-shamhradh-2021\/","title":{"rendered":"Bileog Gn\u00edomha\u00edochta Shamhradh 2021"},"content":{"rendered":"<h4 style=\"text-align: center;\"><span style=\"color: #004046;\">Clice\u00e1il ar an \u00edomh\u00e1 chun \u00e9 a oscailt suas i bhfuinneog nua agus a \u00edosl\u00f3d\u00e1il.<br \/>\nIs bileog A3 dh\u00e1 thaobh an bhileog oibre ar f\u00e9idir a fhilleadh s\u00edos go A5.<\/span><\/h4>\n<p><a href=\"https:\/\/www.wexfordwildfowlreserve.ie\/wp-content\/uploads\/2021\/06\/Summer-activity-sheet.pdf\" target=\"_blank\" rel=\"noopener\"><br \/>\n<\/a><a href=\"https:\/\/www.wexfordwildfowlreserve.ie\/wp-content\/uploads\/2021\/06\/Summer-activity-sheet.pdf\" target=\"_blank\" rel=\"noopener\"><img loading=\"lazy\" decoding=\"async\" class=\"aligncenter wp-image-867\" style=\"border: 3px solid#a206b7;\" src=\"https:\/\/www.wexfordwildfowlreserve.ie\/wp-content\/uploads\/2021\/06\/leaflet-front-213x300.png\" alt=\"An samhradh in \u00c9irinn Bileog 2021\" width=\"284\" height=\"400\"><\/a><\/p>\n","protected":false},"excerpt":{"rendered":"<p>Clice\u00e1il ar an \u00edomh\u00e1 chun \u00e9 a oscailt suas i bhfuinneog nua agus a \u00edosl\u00f3d\u00e1il. Is bileog A3 dh\u00e1 thaobh an bhileog oibre ar f\u00e9idir a fhilleadh s\u00edos go A5.<\/p>\n","protected":false},"author":7,"featured_media":0,"parent":1314,"menu_order":0,"comment_status":"closed","ping_status":"closed","template":"full-width.php","meta":{"cybocfi_hide_featured_image":"","footnotes":""},"class_list":["post-1316","page","type-page","status-publish","hentry"],"yoast_head":"<!-- This site is optimized with the Yoast SEO plugin v27.3 - https:\/\/yoast.com\/product\/yoast-seo-wordpress\/ -->\n<title>Bileog Gn\u00edomha\u00edochta Shamhradh 2021 - Anaclann \u00e9anlaithe fi\u00e1ine Loch Garman<\/title>\n<meta name=\"robots\" content=\"index, follow, max-snippet:-1, max-image-preview:large, max-video-preview:-1\" \/>\n<link rel=\"canonical\" href=\"https:\/\/www.wexfordwildfowlreserve.ie\/ga\/gniomhaiochtai\/bileog-gniomhaiochta-shamhradh-2021\/\" \/>\n<meta property=\"og:locale\" content=\"ga_IE\" \/>\n<meta property=\"og:type\" content=\"article\" \/>\n<meta property=\"og:title\" content=\"Bileog Gn\u00edomha\u00edochta Shamhradh 2021 - Anaclann \u00e9anlaithe fi\u00e1ine Loch Garman\" \/>\n<meta property=\"og:description\" content=\"Clice\u00e1il ar an \u00edomh\u00e1 chun \u00e9 a oscailt suas i bhfuinneog nua agus a \u00edosl\u00f3d\u00e1il. Is bileog A3 dh\u00e1 thaobh an bhileog oibre ar f\u00e9idir a fhilleadh s\u00edos go A5.\" \/>\n<meta property=\"og:url\" content=\"https:\/\/www.wexfordwildfowlreserve.ie\/ga\/gniomhaiochtai\/bileog-gniomhaiochta-shamhradh-2021\/\" \/>\n<meta property=\"og:site_name\" content=\"Anaclann \u00e9anlaithe fi\u00e1ine Loch Garman\" \/>\n<meta property=\"og:image\" content=\"https:\/\/www.wexfordwildfowlreserve.ie\/wp-content\/uploads\/2021\/06\/leaflet-front-213x300.png\" \/>\n<meta name=\"twitter:card\" content=\"summary_large_image\" \/>\n<script type=\"application\/ld+json\" class=\"yoast-schema-graph\">{\"@context\":\"https:\\\/\\\/schema.org\",\"@graph\":[{\"@type\":\"WebPage\",\"@id\":\"https:\\\/\\\/www.wexfordwildfowlreserve.ie\\\/ga\\\/gniomhaiochtai\\\/bileog-gniomhaiochta-shamhradh-2021\\\/\",\"url\":\"https:\\\/\\\/www.wexfordwildfowlreserve.ie\\\/ga\\\/gniomhaiochtai\\\/bileog-gniomhaiochta-shamhradh-2021\\\/\",\"name\":\"Bileog Gn\u00edomha\u00edochta Shamhradh 2021 - Anaclann \u00e9anlaithe fi\u00e1ine Loch Garman\",\"isPartOf\":{\"@id\":\"https:\\\/\\\/www.wexfordwildfowlreserve.ie\\\/ga\\\/#website\"},\"primaryImageOfPage\":{\"@id\":\"https:\\\/\\\/www.wexfordwildfowlreserve.ie\\\/ga\\\/gniomhaiochtai\\\/bileog-gniomhaiochta-shamhradh-2021\\\/#primaryimage\"},\"image\":{\"@id\":\"https:\\\/\\\/www.wexfordwildfowlreserve.ie\\\/ga\\\/gniomhaiochtai\\\/bileog-gniomhaiochta-shamhradh-2021\\\/#primaryimage\"},\"thumbnailUrl\":\"https:\\\/\\\/www.wexfordwildfowlreserve.ie\\\/wp-content\\\/uploads\\\/2021\\\/06\\\/leaflet-front-213x300.png\",\"datePublished\":\"2021-06-23T07:54:18+00:00\",\"breadcrumb\":{\"@id\":\"https:\\\/\\\/www.wexfordwildfowlreserve.ie\\\/ga\\\/gniomhaiochtai\\\/bileog-gniomhaiochta-shamhradh-2021\\\/#breadcrumb\"},\"inLanguage\":\"ga-IE\",\"potentialAction\":[{\"@type\":\"ReadAction\",\"target\":[\"https:\\\/\\\/www.wexfordwildfowlreserve.ie\\\/ga\\\/gniomhaiochtai\\\/bileog-gniomhaiochta-shamhradh-2021\\\/\"]}]},{\"@type\":\"ImageObject\",\"inLanguage\":\"ga-IE\",\"@id\":\"https:\\\/\\\/www.wexfordwildfowlreserve.ie\\\/ga\\\/gniomhaiochtai\\\/bileog-gniomhaiochta-shamhradh-2021\\\/#primaryimage\",\"url\":\"https:\\\/\\\/www.wexfordwildfowlreserve.ie\\\/wp-content\\\/uploads\\\/2021\\\/06\\\/leaflet-front-213x300.png\",\"contentUrl\":\"https:\\\/\\\/www.wexfordwildfowlreserve.ie\\\/wp-content\\\/uploads\\\/2021\\\/06\\\/leaflet-front-213x300.png\"},{\"@type\":\"BreadcrumbList\",\"@id\":\"https:\\\/\\\/www.wexfordwildfowlreserve.ie\\\/ga\\\/gniomhaiochtai\\\/bileog-gniomhaiochta-shamhradh-2021\\\/#breadcrumb\",\"itemListElement\":[{\"@type\":\"ListItem\",\"position\":1,\"name\":\"Home\",\"item\":\"https:\\\/\\\/www.wexfordwildfowlreserve.ie\\\/ga\\\/\"},{\"@type\":\"ListItem\",\"position\":2,\"name\":\"Gn\u00edomha\u00edochta\u00ed\",\"item\":\"https:\\\/\\\/www.wexfordwildfowlreserve.ie\\\/ga\\\/gniomhaiochtai\\\/\"},{\"@type\":\"ListItem\",\"position\":3,\"name\":\"Bileog Gn\u00edomha\u00edochta Shamhradh 2021\"}]},{\"@type\":\"WebSite\",\"@id\":\"https:\\\/\\\/www.wexfordwildfowlreserve.ie\\\/ga\\\/#website\",\"url\":\"https:\\\/\\\/www.wexfordwildfowlreserve.ie\\\/ga\\\/\",\"name\":\"Wexford Wildfowl Reserve\",\"description\":\"\",\"publisher\":{\"@id\":\"https:\\\/\\\/www.wexfordwildfowlreserve.ie\\\/ga\\\/#organization\"},\"potentialAction\":[{\"@type\":\"SearchAction\",\"target\":{\"@type\":\"EntryPoint\",\"urlTemplate\":\"https:\\\/\\\/www.wexfordwildfowlreserve.ie\\\/ga\\\/?s={search_term_string}\"},\"query-input\":{\"@type\":\"PropertyValueSpecification\",\"valueRequired\":true,\"valueName\":\"search_term_string\"}}],\"inLanguage\":\"ga-IE\"},{\"@type\":\"Organization\",\"@id\":\"https:\\\/\\\/www.wexfordwildfowlreserve.ie\\\/ga\\\/#organization\",\"name\":\"Wexford Wildfowl Reserve\",\"url\":\"https:\\\/\\\/www.wexfordwildfowlreserve.ie\\\/ga\\\/\",\"logo\":{\"@type\":\"ImageObject\",\"inLanguage\":\"ga-IE\",\"@id\":\"https:\\\/\\\/www.wexfordwildfowlreserve.ie\\\/ga\\\/#\\\/schema\\\/logo\\\/image\\\/\",\"url\":\"https:\\\/\\\/www.wexfordwildfowlreserve.ie\\\/wp-content\\\/uploads\\\/2018\\\/10\\\/WWP-sized.png\",\"contentUrl\":\"https:\\\/\\\/www.wexfordwildfowlreserve.ie\\\/wp-content\\\/uploads\\\/2018\\\/10\\\/WWP-sized.png\",\"width\":404,\"height\":100,\"caption\":\"Wexford Wildfowl Reserve\"},\"image\":{\"@id\":\"https:\\\/\\\/www.wexfordwildfowlreserve.ie\\\/ga\\\/#\\\/schema\\\/logo\\\/image\\\/\"}}]}<\/script>\n<!-- \/ Yoast SEO plugin. -->","yoast_head_json":{"title":"Bileog Gn\u00edomha\u00edochta Shamhradh 2021 - Anaclann \u00e9anlaithe fi\u00e1ine Loch Garman","robots":{"index":"index","follow":"follow","max-snippet":"max-snippet:-1","max-image-preview":"max-image-preview:large","max-video-preview":"max-video-preview:-1"},"canonical":"https:\/\/www.wexfordwildfowlreserve.ie\/ga\/gniomhaiochtai\/bileog-gniomhaiochta-shamhradh-2021\/","og_locale":"ga_IE","og_type":"article","og_title":"Bileog Gn\u00edomha\u00edochta Shamhradh 2021 - Anaclann \u00e9anlaithe fi\u00e1ine Loch Garman","og_description":"Clice\u00e1il ar an \u00edomh\u00e1 chun \u00e9 a oscailt suas i bhfuinneog nua agus a \u00edosl\u00f3d\u00e1il. Is bileog A3 dh\u00e1 thaobh an bhileog oibre ar f\u00e9idir a fhilleadh s\u00edos go A5.","og_url":"https:\/\/www.wexfordwildfowlreserve.ie\/ga\/gniomhaiochtai\/bileog-gniomhaiochta-shamhradh-2021\/","og_site_name":"Anaclann \u00e9anlaithe fi\u00e1ine Loch Garman","og_image":[{"url":"https:\/\/www.wexfordwildfowlreserve.ie\/wp-content\/uploads\/2021\/06\/leaflet-front-213x300.png","type":"","width":"","height":""}],"twitter_card":"summary_large_image","schema":{"@context":"https:\/\/schema.org","@graph":[{"@type":"WebPage","@id":"https:\/\/www.wexfordwildfowlreserve.ie\/ga\/gniomhaiochtai\/bileog-gniomhaiochta-shamhradh-2021\/","url":"https:\/\/www.wexfordwildfowlreserve.ie\/ga\/gniomhaiochtai\/bileog-gniomhaiochta-shamhradh-2021\/","name":"Bileog Gn\u00edomha\u00edochta Shamhradh 2021 - Anaclann \u00e9anlaithe fi\u00e1ine Loch Garman","isPartOf":{"@id":"https:\/\/www.wexfordwildfowlreserve.ie\/ga\/#website"},"primaryImageOfPage":{"@id":"https:\/\/www.wexfordwildfowlreserve.ie\/ga\/gniomhaiochtai\/bileog-gniomhaiochta-shamhradh-2021\/#primaryimage"},"image":{"@id":"https:\/\/www.wexfordwildfowlreserve.ie\/ga\/gniomhaiochtai\/bileog-gniomhaiochta-shamhradh-2021\/#primaryimage"},"thumbnailUrl":"https:\/\/www.wexfordwildfowlreserve.ie\/wp-content\/uploads\/2021\/06\/leaflet-front-213x300.png","datePublished":"2021-06-23T07:54:18+00:00","breadcrumb":{"@id":"https:\/\/www.wexfordwildfowlreserve.ie\/ga\/gniomhaiochtai\/bileog-gniomhaiochta-shamhradh-2021\/#breadcrumb"},"inLanguage":"ga-IE","potentialAction":[{"@type":"ReadAction","target":["https:\/\/www.wexfordwildfowlreserve.ie\/ga\/gniomhaiochtai\/bileog-gniomhaiochta-shamhradh-2021\/"]}]},{"@type":"ImageObject","inLanguage":"ga-IE","@id":"https:\/\/www.wexfordwildfowlreserve.ie\/ga\/gniomhaiochtai\/bileog-gniomhaiochta-shamhradh-2021\/#primaryimage","url":"https:\/\/www.wexfordwildfowlreserve.ie\/wp-content\/uploads\/2021\/06\/leaflet-front-213x300.png","contentUrl":"https:\/\/www.wexfordwildfowlreserve.ie\/wp-content\/uploads\/2021\/06\/leaflet-front-213x300.png"},{"@type":"BreadcrumbList","@id":"https:\/\/www.wexfordwildfowlreserve.ie\/ga\/gniomhaiochtai\/bileog-gniomhaiochta-shamhradh-2021\/#breadcrumb","itemListElement":[{"@type":"ListItem","position":1,"name":"Home","item":"https:\/\/www.wexfordwildfowlreserve.ie\/ga\/"},{"@type":"ListItem","position":2,"name":"Gn\u00edomha\u00edochta\u00ed","item":"https:\/\/www.wexfordwildfowlreserve.ie\/ga\/gniomhaiochtai\/"},{"@type":"ListItem","position":3,"name":"Bileog Gn\u00edomha\u00edochta Shamhradh 2021"}]},{"@type":"WebSite","@id":"https:\/\/www.wexfordwildfowlreserve.ie\/ga\/#website","url":"https:\/\/www.wexfordwildfowlreserve.ie\/ga\/","name":"Wexford Wildfowl Reserve","description":"","publisher":{"@id":"https:\/\/www.wexfordwildfowlreserve.ie\/ga\/#organization"},"potentialAction":[{"@type":"SearchAction","target":{"@type":"EntryPoint","urlTemplate":"https:\/\/www.wexfordwildfowlreserve.ie\/ga\/?s={search_term_string}"},"query-input":{"@type":"PropertyValueSpecification","valueRequired":true,"valueName":"search_term_string"}}],"inLanguage":"ga-IE"},{"@type":"Organization","@id":"https:\/\/www.wexfordwildfowlreserve.ie\/ga\/#organization","name":"Wexford Wildfowl Reserve","url":"https:\/\/www.wexfordwildfowlreserve.ie\/ga\/","logo":{"@type":"ImageObject","inLanguage":"ga-IE","@id":"https:\/\/www.wexfordwildfowlreserve.ie\/ga\/#\/schema\/logo\/image\/","url":"https:\/\/www.wexfordwildfowlreserve.ie\/wp-content\/uploads\/2018\/10\/WWP-sized.png","contentUrl":"https:\/\/www.wexfordwildfowlreserve.ie\/wp-content\/uploads\/2018\/10\/WWP-sized.png","width":404,"height":100,"caption":"Wexford Wildfowl Reserve"},"image":{"@id":"https:\/\/www.wexfordwildfowlreserve.ie\/ga\/#\/schema\/logo\/image\/"}}]}},"jetpack_sharing_enabled":true,"_links":{"self":[{"href":"https:\/\/www.wexfordwildfowlreserve.ie\/ga\/wp-json\/wp\/v2\/pages\/1316","targetHints":{"allow":["GET"]}}],"collection":[{"href":"https:\/\/www.wexfordwildfowlreserve.ie\/ga\/wp-json\/wp\/v2\/pages"}],"about":[{"href":"https:\/\/www.wexfordwildfowlreserve.ie\/ga\/wp-json\/wp\/v2\/types\/page"}],"author":[{"embeddable":true,"href":"https:\/\/www.wexfordwildfowlreserve.ie\/ga\/wp-json\/wp\/v2\/users\/7"}],"replies":[{"embeddable":true,"href":"https:\/\/www.wexfordwildfowlreserve.ie\/ga\/wp-json\/wp\/v2\/comments?post=1316"}],"version-history":[{"count":0,"href":"https:\/\/www.wexfordwildfowlreserve.ie\/ga\/wp-json\/wp\/v2\/pages\/1316\/revisions"}],"up":[{"embeddable":true,"href":"https:\/\/www.wexfordwildfowlreserve.ie\/ga\/wp-json\/wp\/v2\/pages\/1314"}],"wp:attachment":[{"href":"https:\/\/www.wexfordwildfowlreserve.ie\/ga\/wp-json\/wp\/v2\/media?parent=1316"}],"curies":[{"name":"wp","href":"https:\/\/api.w.org\/{rel}","templated":true}]}}