{"id":1313,"date":"2016-04-20T14:15:20","date_gmt":"2016-04-20T14:15:20","guid":{"rendered":"https:\/\/www.wexfordwildfowlreserve.ie\/tabhair-cuairt-orainn\/"},"modified":"2023-09-05T07:59:12","modified_gmt":"2023-09-05T07:59:12","slug":"tabhair-cuairt-orainn","status":"publish","type":"page","link":"https:\/\/www.wexfordwildfowlreserve.ie\/ga\/tabhair-cuairt-orainn\/","title":{"rendered":"Tabhair cuairt orainn"},"content":{"rendered":"<p>T\u00e1 an C\u00falchiste agus Ionad na gCuairteoir\u00ed ar oscailt \u00f3 9am go 5pm.<\/p>\n<p>Cuirtear an carrchl\u00f3s agus na geata\u00ed isteach faoi ghlas gach tr\u00e1thn\u00f3na ag 5in.<\/p>\n<p>T\u00e1 Anaclann \u00e9anlaithe fi\u00e1ine Loch Garman suite d\u00edreach taobh amuigh de bhaile Loch Garman.<\/p>\n<p><strong>\u00d3 Bhaile Loch Garman:<\/strong><\/p>\n<ul>\n<li>T\u00e9igh trasna an droichid agus ar aghaidh leat 2.9km (1.8 m\u00edle);<\/li>\n<li>Cas ar dheis ag an gcomhartha marc\u00e1ilte \u201cAnaclann \u00e9anlaithe fi\u00e1ine Loch Garman\u201d (t\u00e1 an comhartha ar thaobh na l\u00e1imhe deise<br \/>\nd\u00edreach tar \u00e9is Bates Oil) agus<\/li>\n<li>Tiom\u00e1in 2.5 km (1.6 m\u00edle) go dt\u00ed an carrchl\u00f3s agus an t-ionad cuairteoir\u00ed.<\/li>\n<\/ul>\n<p><strong>\u00d3 Bhaile \u00c1tha Cliath:<\/strong><\/p>\n<ul>\n<li>T\u00f3g an N11 chomh fada le hAcomhal 23 ar sheachbh\u00f3thar Ghuaire.<\/li>\n<li>T\u00f3g an bealach amach agus lean na comhartha\u00ed ar na timpeall\u00e1in i dtreo Bhaile U\u00ed Chonnmha\u00ed ar an R741.<\/li>\n<li>Tiom\u00e1in timpeall 36 cilim\u00e9adar go Droichead an Chaisle\u00e1in, tr\u00ed Bhaile \u00c9amainn.<\/li>\n<li>\u00d3 Dhroichead an Chaisle\u00e1in, lean ort thart ar 2 km agus cas ar chl\u00e9 tar \u00e9is st\u00e1isi\u00fan breosla ag comhartha marc\u00e1ilte<br \/>\n\u201cAnaclann \u00c9anlaithe Fi\u00e1ine Loch Garman\u201d.<\/li>\n<li>T\u00e9ann an l\u00e1na c\u00fang 2.5 km go dt\u00ed an carrchl\u00f3s.<\/li>\n<\/ul>\n<p>I gc\u00e1s scoileanna n\u00f3 gr\u00fapa\u00ed m\u00f3ra ar mian leo cuairt a thabhairt, d\u00e9an teagmh\u00e1il le <a href=\"mailto:wwreducation@npws.gov.ie\">wwreducation<\/a>chun \u00e1irithint a dh\u00e9anamh<\/p>\n<p>Seoladh:<\/p>\n<p style=\"padding-left: 30px;\"><strong>Anaclann \u00c9anlaithe Fi\u00e1ine Loch Garman<\/strong><br \/>\n<strong>An Slaba Thuaidh<\/strong><br \/>\n<strong>Ard Chaomh\u00e1in<\/strong><br \/>\n<strong>Loch Garman<\/strong><\/p>\n<p>\u00c9irch\u00f3d: Y35 EY89<\/p>\n<p>Uimhir Ghuth\u00e1in an fh\u00e1iltithe: <strong>+353 1 539 3460<\/strong> <\/p>\n<p>&nbsp;<\/p>\n<p>&nbsp;<\/p>\n<p>&nbsp;<\/p>\n<p>&nbsp;<\/p>\n","protected":false},"excerpt":{"rendered":"<p>T\u00e1 an C\u00falchiste agus Ionad na gCuairteoir\u00ed ar oscailt \u00f3 9am go 5pm. Cuirtear an carrchl\u00f3s agus na geata\u00ed isteach faoi ghlas gach tr\u00e1thn\u00f3na ag 5in. T\u00e1 Anaclann \u00e9anlaithe fi\u00e1ine Loch Garman suite d\u00edreach taobh amuigh de bhaile Loch Garman. \u00d3 Bhaile Loch Garman: T\u00e9igh trasna an droichid agus ar aghaidh leat 2.9km (1.8 m\u00edle);&#8230; <\/p>\n","protected":false},"author":7,"featured_media":1136,"parent":0,"menu_order":10,"comment_status":"closed","ping_status":"closed","template":"no-sidebar.php","meta":{"cybocfi_hide_featured_image":"","footnotes":""},"class_list":["post-1313","page","type-page","status-publish","has-post-thumbnail","hentry"],"yoast_head":"<!-- This site is optimized with the Yoast SEO plugin v27.3 - https:\/\/yoast.com\/product\/yoast-seo-wordpress\/ -->\n<title>Tabhair cuairt orainn - Anaclann \u00e9anlaithe fi\u00e1ine Loch Garman<\/title>\n<meta name=\"robots\" content=\"index, follow, max-snippet:-1, max-image-preview:large, max-video-preview:-1\" \/>\n<link rel=\"canonical\" href=\"https:\/\/www.wexfordwildfowlreserve.ie\/ga\/tabhair-cuairt-orainn\/\" \/>\n<meta property=\"og:locale\" content=\"ga_IE\" \/>\n<meta property=\"og:type\" content=\"article\" \/>\n<meta property=\"og:title\" content=\"Tabhair cuairt orainn - Anaclann \u00e9anlaithe fi\u00e1ine Loch Garman\" \/>\n<meta property=\"og:description\" content=\"T\u00e1 an C\u00falchiste agus Ionad na gCuairteoir\u00ed ar oscailt \u00f3 9am go 5pm. Cuirtear an carrchl\u00f3s agus na geata\u00ed isteach faoi ghlas gach tr\u00e1thn\u00f3na ag 5in. T\u00e1 Anaclann \u00e9anlaithe fi\u00e1ine Loch Garman suite d\u00edreach taobh amuigh de bhaile Loch Garman. \u00d3 Bhaile Loch Garman: T\u00e9igh trasna an droichid agus ar aghaidh leat 2.9km (1.8 m\u00edle);...\" \/>\n<meta property=\"og:url\" content=\"https:\/\/www.wexfordwildfowlreserve.ie\/ga\/tabhair-cuairt-orainn\/\" \/>\n<meta property=\"og:site_name\" content=\"Anaclann \u00e9anlaithe fi\u00e1ine Loch Garman\" \/>\n<meta property=\"article:modified_time\" content=\"2023-09-05T07:59:12+00:00\" \/>\n<meta property=\"og:image\" content=\"https:\/\/www.wexfordwildfowlreserve.ie\/wp-content\/uploads\/2017\/11\/Pump-House.jpg\" \/>\n\t<meta property=\"og:image:width\" content=\"1152\" \/>\n\t<meta property=\"og:image:height\" content=\"269\" \/>\n\t<meta property=\"og:image:type\" content=\"image\/jpeg\" \/>\n<meta name=\"twitter:card\" content=\"summary_large_image\" \/>\n<meta name=\"twitter:label1\" content=\"Est. reading time\" \/>\n\t<meta name=\"twitter:data1\" content=\"1 minute\" \/>\n<script type=\"application\/ld+json\" class=\"yoast-schema-graph\">{\"@context\":\"https:\\\/\\\/schema.org\",\"@graph\":[{\"@type\":\"WebPage\",\"@id\":\"https:\\\/\\\/www.wexfordwildfowlreserve.ie\\\/ga\\\/tabhair-cuairt-orainn\\\/\",\"url\":\"https:\\\/\\\/www.wexfordwildfowlreserve.ie\\\/ga\\\/tabhair-cuairt-orainn\\\/\",\"name\":\"Tabhair cuairt orainn - Anaclann \u00e9anlaithe fi\u00e1ine Loch Garman\",\"isPartOf\":{\"@id\":\"https:\\\/\\\/www.wexfordwildfowlreserve.ie\\\/ga\\\/#website\"},\"primaryImageOfPage\":{\"@id\":\"https:\\\/\\\/www.wexfordwildfowlreserve.ie\\\/ga\\\/tabhair-cuairt-orainn\\\/#primaryimage\"},\"image\":{\"@id\":\"https:\\\/\\\/www.wexfordwildfowlreserve.ie\\\/ga\\\/tabhair-cuairt-orainn\\\/#primaryimage\"},\"thumbnailUrl\":\"https:\\\/\\\/www.wexfordwildfowlreserve.ie\\\/wp-content\\\/uploads\\\/2017\\\/11\\\/Pump-House.jpg\",\"datePublished\":\"2016-04-20T14:15:20+00:00\",\"dateModified\":\"2023-09-05T07:59:12+00:00\",\"breadcrumb\":{\"@id\":\"https:\\\/\\\/www.wexfordwildfowlreserve.ie\\\/ga\\\/tabhair-cuairt-orainn\\\/#breadcrumb\"},\"inLanguage\":\"ga-IE\",\"potentialAction\":[{\"@type\":\"ReadAction\",\"target\":[\"https:\\\/\\\/www.wexfordwildfowlreserve.ie\\\/ga\\\/tabhair-cuairt-orainn\\\/\"]}]},{\"@type\":\"ImageObject\",\"inLanguage\":\"ga-IE\",\"@id\":\"https:\\\/\\\/www.wexfordwildfowlreserve.ie\\\/ga\\\/tabhair-cuairt-orainn\\\/#primaryimage\",\"url\":\"https:\\\/\\\/www.wexfordwildfowlreserve.ie\\\/wp-content\\\/uploads\\\/2017\\\/11\\\/Pump-House.jpg\",\"contentUrl\":\"https:\\\/\\\/www.wexfordwildfowlreserve.ie\\\/wp-content\\\/uploads\\\/2017\\\/11\\\/Pump-House.jpg\",\"width\":1152,\"height\":269},{\"@type\":\"BreadcrumbList\",\"@id\":\"https:\\\/\\\/www.wexfordwildfowlreserve.ie\\\/ga\\\/tabhair-cuairt-orainn\\\/#breadcrumb\",\"itemListElement\":[{\"@type\":\"ListItem\",\"position\":1,\"name\":\"Home\",\"item\":\"https:\\\/\\\/www.wexfordwildfowlreserve.ie\\\/ga\\\/\"},{\"@type\":\"ListItem\",\"position\":2,\"name\":\"Tabhair cuairt orainn\"}]},{\"@type\":\"WebSite\",\"@id\":\"https:\\\/\\\/www.wexfordwildfowlreserve.ie\\\/ga\\\/#website\",\"url\":\"https:\\\/\\\/www.wexfordwildfowlreserve.ie\\\/ga\\\/\",\"name\":\"Wexford Wildfowl Reserve\",\"description\":\"\",\"publisher\":{\"@id\":\"https:\\\/\\\/www.wexfordwildfowlreserve.ie\\\/ga\\\/#organization\"},\"potentialAction\":[{\"@type\":\"SearchAction\",\"target\":{\"@type\":\"EntryPoint\",\"urlTemplate\":\"https:\\\/\\\/www.wexfordwildfowlreserve.ie\\\/ga\\\/?s={search_term_string}\"},\"query-input\":{\"@type\":\"PropertyValueSpecification\",\"valueRequired\":true,\"valueName\":\"search_term_string\"}}],\"inLanguage\":\"ga-IE\"},{\"@type\":\"Organization\",\"@id\":\"https:\\\/\\\/www.wexfordwildfowlreserve.ie\\\/ga\\\/#organization\",\"name\":\"Wexford Wildfowl Reserve\",\"url\":\"https:\\\/\\\/www.wexfordwildfowlreserve.ie\\\/ga\\\/\",\"logo\":{\"@type\":\"ImageObject\",\"inLanguage\":\"ga-IE\",\"@id\":\"https:\\\/\\\/www.wexfordwildfowlreserve.ie\\\/ga\\\/#\\\/schema\\\/logo\\\/image\\\/\",\"url\":\"https:\\\/\\\/www.wexfordwildfowlreserve.ie\\\/wp-content\\\/uploads\\\/2018\\\/10\\\/WWP-sized.png\",\"contentUrl\":\"https:\\\/\\\/www.wexfordwildfowlreserve.ie\\\/wp-content\\\/uploads\\\/2018\\\/10\\\/WWP-sized.png\",\"width\":404,\"height\":100,\"caption\":\"Wexford Wildfowl Reserve\"},\"image\":{\"@id\":\"https:\\\/\\\/www.wexfordwildfowlreserve.ie\\\/ga\\\/#\\\/schema\\\/logo\\\/image\\\/\"}}]}<\/script>\n<!-- \/ Yoast SEO plugin. -->","yoast_head_json":{"title":"Tabhair cuairt orainn - Anaclann \u00e9anlaithe fi\u00e1ine Loch Garman","robots":{"index":"index","follow":"follow","max-snippet":"max-snippet:-1","max-image-preview":"max-image-preview:large","max-video-preview":"max-video-preview:-1"},"canonical":"https:\/\/www.wexfordwildfowlreserve.ie\/ga\/tabhair-cuairt-orainn\/","og_locale":"ga_IE","og_type":"article","og_title":"Tabhair cuairt orainn - Anaclann \u00e9anlaithe fi\u00e1ine Loch Garman","og_description":"T\u00e1 an C\u00falchiste agus Ionad na gCuairteoir\u00ed ar oscailt \u00f3 9am go 5pm. Cuirtear an carrchl\u00f3s agus na geata\u00ed isteach faoi ghlas gach tr\u00e1thn\u00f3na ag 5in. T\u00e1 Anaclann \u00e9anlaithe fi\u00e1ine Loch Garman suite d\u00edreach taobh amuigh de bhaile Loch Garman. \u00d3 Bhaile Loch Garman: T\u00e9igh trasna an droichid agus ar aghaidh leat 2.9km (1.8 m\u00edle);...","og_url":"https:\/\/www.wexfordwildfowlreserve.ie\/ga\/tabhair-cuairt-orainn\/","og_site_name":"Anaclann \u00e9anlaithe fi\u00e1ine Loch Garman","article_modified_time":"2023-09-05T07:59:12+00:00","og_image":[{"width":1152,"height":269,"url":"https:\/\/www.wexfordwildfowlreserve.ie\/wp-content\/uploads\/2017\/11\/Pump-House.jpg","type":"image\/jpeg"}],"twitter_card":"summary_large_image","twitter_misc":{"Est. reading time":"1 minute"},"schema":{"@context":"https:\/\/schema.org","@graph":[{"@type":"WebPage","@id":"https:\/\/www.wexfordwildfowlreserve.ie\/ga\/tabhair-cuairt-orainn\/","url":"https:\/\/www.wexfordwildfowlreserve.ie\/ga\/tabhair-cuairt-orainn\/","name":"Tabhair cuairt orainn - Anaclann \u00e9anlaithe fi\u00e1ine Loch Garman","isPartOf":{"@id":"https:\/\/www.wexfordwildfowlreserve.ie\/ga\/#website"},"primaryImageOfPage":{"@id":"https:\/\/www.wexfordwildfowlreserve.ie\/ga\/tabhair-cuairt-orainn\/#primaryimage"},"image":{"@id":"https:\/\/www.wexfordwildfowlreserve.ie\/ga\/tabhair-cuairt-orainn\/#primaryimage"},"thumbnailUrl":"https:\/\/www.wexfordwildfowlreserve.ie\/wp-content\/uploads\/2017\/11\/Pump-House.jpg","datePublished":"2016-04-20T14:15:20+00:00","dateModified":"2023-09-05T07:59:12+00:00","breadcrumb":{"@id":"https:\/\/www.wexfordwildfowlreserve.ie\/ga\/tabhair-cuairt-orainn\/#breadcrumb"},"inLanguage":"ga-IE","potentialAction":[{"@type":"ReadAction","target":["https:\/\/www.wexfordwildfowlreserve.ie\/ga\/tabhair-cuairt-orainn\/"]}]},{"@type":"ImageObject","inLanguage":"ga-IE","@id":"https:\/\/www.wexfordwildfowlreserve.ie\/ga\/tabhair-cuairt-orainn\/#primaryimage","url":"https:\/\/www.wexfordwildfowlreserve.ie\/wp-content\/uploads\/2017\/11\/Pump-House.jpg","contentUrl":"https:\/\/www.wexfordwildfowlreserve.ie\/wp-content\/uploads\/2017\/11\/Pump-House.jpg","width":1152,"height":269},{"@type":"BreadcrumbList","@id":"https:\/\/www.wexfordwildfowlreserve.ie\/ga\/tabhair-cuairt-orainn\/#breadcrumb","itemListElement":[{"@type":"ListItem","position":1,"name":"Home","item":"https:\/\/www.wexfordwildfowlreserve.ie\/ga\/"},{"@type":"ListItem","position":2,"name":"Tabhair cuairt orainn"}]},{"@type":"WebSite","@id":"https:\/\/www.wexfordwildfowlreserve.ie\/ga\/#website","url":"https:\/\/www.wexfordwildfowlreserve.ie\/ga\/","name":"Wexford Wildfowl Reserve","description":"","publisher":{"@id":"https:\/\/www.wexfordwildfowlreserve.ie\/ga\/#organization"},"potentialAction":[{"@type":"SearchAction","target":{"@type":"EntryPoint","urlTemplate":"https:\/\/www.wexfordwildfowlreserve.ie\/ga\/?s={search_term_string}"},"query-input":{"@type":"PropertyValueSpecification","valueRequired":true,"valueName":"search_term_string"}}],"inLanguage":"ga-IE"},{"@type":"Organization","@id":"https:\/\/www.wexfordwildfowlreserve.ie\/ga\/#organization","name":"Wexford Wildfowl Reserve","url":"https:\/\/www.wexfordwildfowlreserve.ie\/ga\/","logo":{"@type":"ImageObject","inLanguage":"ga-IE","@id":"https:\/\/www.wexfordwildfowlreserve.ie\/ga\/#\/schema\/logo\/image\/","url":"https:\/\/www.wexfordwildfowlreserve.ie\/wp-content\/uploads\/2018\/10\/WWP-sized.png","contentUrl":"https:\/\/www.wexfordwildfowlreserve.ie\/wp-content\/uploads\/2018\/10\/WWP-sized.png","width":404,"height":100,"caption":"Wexford Wildfowl Reserve"},"image":{"@id":"https:\/\/www.wexfordwildfowlreserve.ie\/ga\/#\/schema\/logo\/image\/"}}]}},"jetpack_sharing_enabled":true,"_links":{"self":[{"href":"https:\/\/www.wexfordwildfowlreserve.ie\/ga\/wp-json\/wp\/v2\/pages\/1313","targetHints":{"allow":["GET"]}}],"collection":[{"href":"https:\/\/www.wexfordwildfowlreserve.ie\/ga\/wp-json\/wp\/v2\/pages"}],"about":[{"href":"https:\/\/www.wexfordwildfowlreserve.ie\/ga\/wp-json\/wp\/v2\/types\/page"}],"author":[{"embeddable":true,"href":"https:\/\/www.wexfordwildfowlreserve.ie\/ga\/wp-json\/wp\/v2\/users\/7"}],"replies":[{"embeddable":true,"href":"https:\/\/www.wexfordwildfowlreserve.ie\/ga\/wp-json\/wp\/v2\/comments?post=1313"}],"version-history":[{"count":3,"href":"https:\/\/www.wexfordwildfowlreserve.ie\/ga\/wp-json\/wp\/v2\/pages\/1313\/revisions"}],"predecessor-version":[{"id":1530,"href":"https:\/\/www.wexfordwildfowlreserve.ie\/ga\/wp-json\/wp\/v2\/pages\/1313\/revisions\/1530"}],"wp:featuredmedia":[{"embeddable":true,"href":"https:\/\/www.wexfordwildfowlreserve.ie\/ga\/wp-json\/wp\/v2\/media\/1136"}],"wp:attachment":[{"href":"https:\/\/www.wexfordwildfowlreserve.ie\/ga\/wp-json\/wp\/v2\/media?parent=1313"}],"curies":[{"name":"wp","href":"https:\/\/api.w.org\/{rel}","templated":true}]}}